{"id":10307,"date":"2019-04-13T13:21:07","date_gmt":"2022-05-30T07:47:51","guid":{"rendered":"https:\/\/dreamfiregrill.com\/product\/dreamfire-grillin-kansi\/"},"modified":"2023-11-15T15:38:22","modified_gmt":"2023-11-15T13:38:22","slug":"dreamfire-grillipeite","status":"publish","type":"product","link":"https:\/\/dreamfiregrill.com\/fi\/tuote\/dreamfire-grillipeite\/","title":{"rendered":"Dreamfire grillipeite"},"content":{"rendered":"<p><span class=\"TextRun SCXW118295147 BCX0\" lang=\"FI-FI\" xml:lang=\"FI-FI\" data-contrast=\"auto\"><span class=\"SpellingError SCXW118295147 BCX0\">Dreamfire<\/span> <span class=\"SpellingError SCXW118295147 BCX0\">kamado<\/span><span class=\"NormalTextRun SCXW118295147 BCX0\"> grillipeite suojaa grilli<\/span><span class=\"NormalTextRun SCXW118295147 BCX0\">\u00e4<\/span><span class=\"NormalTextRun SCXW118295147 BCX0\"> sateelta, tuulelta, siitep\u00f6lylt\u00e4 ja lialta. Peitett\u00e4 on helppo k\u00e4ytt\u00e4\u00e4 alaosassa olevan suljinmekanismin ansiosta. <\/span><span class=\"SpellingError SCXW118295147 BCX0\">Dreamfire<\/span><span class=\"NormalTextRun SCXW118295147 BCX0\"> grillipeite<\/span><span class=\"NormalTextRun SCXW118295147 BCX0\"> pit\u00e4\u00e4 grillisi puhtaana ymp\u00e4ri vuoden.<\/span><\/span><span class=\"EOP SCXW118295147 BCX0\" data-ccp-props=\"{&quot;201341983&quot;:0,&quot;335559739&quot;:160,&quot;335559740&quot;:259}\">\u00a0<\/span><\/p>\n","protected":false},"excerpt":{"rendered":"<p><span class=\"TextRun SCXW118295147 BCX0\" lang=\"FI-FI\" xml:lang=\"FI-FI\" data-contrast=\"auto\"><span class=\"SpellingError SCXW118295147 BCX0\">Dreamfire<\/span> <span class=\"SpellingError SCXW118295147 BCX0\">kamado<\/span><span class=\"NormalTextRun SCXW118295147 BCX0\"> grillipeite suojaa grilli<\/span><span class=\"NormalTextRun SCXW118295147 BCX0\">\u00e4<\/span><span class=\"NormalTextRun SCXW118295147 BCX0\"> sateelta, tuulelta, siitep\u00f6lylt\u00e4 ja lialta. Peitett\u00e4 on helppo k\u00e4ytt\u00e4\u00e4 alaosassa olevan suljinmekanismin ansiosta. <\/span><span class=\"SpellingError SCXW118295147 BCX0\">Dreamfire<\/span><span class=\"NormalTextRun SCXW118295147 BCX0\"> grillipeite<\/span><span class=\"NormalTextRun SCXW118295147 BCX0\"> pit\u00e4\u00e4 grillisi puhtaana ymp\u00e4ri vuoden.<\/span><\/span><span class=\"EOP SCXW118295147 BCX0\" data-ccp-props=\"{&quot;201341983&quot;:0,&quot;335559739&quot;:160,&quot;335559740&quot;:259}\">\u00a0<\/span><\/p>\n","protected":false},"featured_media":10308,"template":"","meta":[],"product_brand":[],"product_cat":[94],"product_tag":[],"class_list":{"0":"post-10307","1":"product","2":"type-product","3":"status-publish","4":"has-post-thumbnail","6":"product_cat-grillaustarvikkeet","7":"product_shipping_class-accessories","9":"first","10":"instock","11":"taxable","12":"shipping-taxable","13":"purchasable","14":"product-type-variable"},"_links":{"self":[{"href":"https:\/\/dreamfiregrill.com\/fi\/wp-json\/wp\/v2\/product\/10307","targetHints":{"allow":["GET"]}}],"collection":[{"href":"https:\/\/dreamfiregrill.com\/fi\/wp-json\/wp\/v2\/product"}],"about":[{"href":"https:\/\/dreamfiregrill.com\/fi\/wp-json\/wp\/v2\/types\/product"}],"wp:featuredmedia":[{"embeddable":true,"href":"https:\/\/dreamfiregrill.com\/fi\/wp-json\/wp\/v2\/media\/10308"}],"wp:attachment":[{"href":"https:\/\/dreamfiregrill.com\/fi\/wp-json\/wp\/v2\/media?parent=10307"}],"wp:term":[{"taxonomy":"product_brand","embeddable":true,"href":"https:\/\/dreamfiregrill.com\/fi\/wp-json\/wp\/v2\/product_brand?post=10307"},{"taxonomy":"product_cat","embeddable":true,"href":"https:\/\/dreamfiregrill.com\/fi\/wp-json\/wp\/v2\/product_cat?post=10307"},{"taxonomy":"product_tag","embeddable":true,"href":"https:\/\/dreamfiregrill.com\/fi\/wp-json\/wp\/v2\/product_tag?post=10307"}],"curies":[{"name":"wp","href":"https:\/\/api.w.org\/{rel}","templated":true}]}}