{"id":10325,"date":"2019-04-13T14:50:10","date_gmt":"2022-05-30T07:49:52","guid":{"rendered":"https:\/\/dreamfiregrill.com\/product\/dreamfire-pitsalevy\/"},"modified":"2023-07-07T14:59:20","modified_gmt":"2023-07-07T11:59:20","slug":"dreamfire-pitsalevy","status":"publish","type":"product","link":"https:\/\/dreamfiregrill.com\/fi\/tuote\/dreamfire-pitsalevy\/","title":{"rendered":"Dreamfire\u00ae Pitsalevy"},"content":{"rendered":"","protected":false},"excerpt":{"rendered":"<p>Dreamfire\u00ae-pitsalevy jakaa kuumuuden tasaisesti ja imee sis\u00e4\u00e4ns\u00e4 liiallisen kosteuden, jota pitsasta haihtuu. Pitsalevy antaa parhaan rapean pitsapohjan.<\/p>\n","protected":false},"featured_media":10326,"template":"","meta":[],"product_brand":[],"product_cat":[94],"product_tag":[],"class_list":{"0":"post-10325","1":"product","2":"type-product","3":"status-publish","4":"has-post-thumbnail","6":"product_cat-grillaustarvikkeet","7":"product_shipping_class-accessories","9":"first","10":"instock","11":"taxable","12":"shipping-taxable","13":"purchasable","14":"product-type-variable"},"_links":{"self":[{"href":"https:\/\/dreamfiregrill.com\/fi\/wp-json\/wp\/v2\/product\/10325","targetHints":{"allow":["GET"]}}],"collection":[{"href":"https:\/\/dreamfiregrill.com\/fi\/wp-json\/wp\/v2\/product"}],"about":[{"href":"https:\/\/dreamfiregrill.com\/fi\/wp-json\/wp\/v2\/types\/product"}],"wp:featuredmedia":[{"embeddable":true,"href":"https:\/\/dreamfiregrill.com\/fi\/wp-json\/wp\/v2\/media\/10326"}],"wp:attachment":[{"href":"https:\/\/dreamfiregrill.com\/fi\/wp-json\/wp\/v2\/media?parent=10325"}],"wp:term":[{"taxonomy":"product_brand","embeddable":true,"href":"https:\/\/dreamfiregrill.com\/fi\/wp-json\/wp\/v2\/product_brand?post=10325"},{"taxonomy":"product_cat","embeddable":true,"href":"https:\/\/dreamfiregrill.com\/fi\/wp-json\/wp\/v2\/product_cat?post=10325"},{"taxonomy":"product_tag","embeddable":true,"href":"https:\/\/dreamfiregrill.com\/fi\/wp-json\/wp\/v2\/product_tag?post=10325"}],"curies":[{"name":"wp","href":"https:\/\/api.w.org\/{rel}","templated":true}]}}