{"id":10343,"date":"2019-04-13T15:10:31","date_gmt":"2019-04-13T12:10:31","guid":{"rendered":"https:\/\/dreamfiregrill.com\/product\/dreamfire-lammonjakaja-puolikuu\/"},"modified":"2023-11-15T15:49:46","modified_gmt":"2023-11-15T13:49:46","slug":"dreamfire-lammonjakaja-puolikuu","status":"publish","type":"product","link":"https:\/\/dreamfiregrill.com\/fi\/tuote\/dreamfire-lammonjakaja-puolikuu\/","title":{"rendered":"Dreamfire l\u00e4mm\u00f6njakaja puolikuu"},"content":{"rendered":"<p><span data-contrast=\"auto\">L\u00e4mm\u00f6njakaja on suunniteltu eri l\u00e4mp\u00f6tiloilla grillaamiseen ja l\u00e4mm\u00f6n jakamiseen.<\/span><span data-ccp-props=\"{&quot;201341983&quot;:0,&quot;335559739&quot;:160,&quot;335559740&quot;:259}\">\u00a0<\/span><\/p>\n<p><span data-contrast=\"auto\">Sopii sek\u00e4 Dreamfire-malleille ett\u00e4 muille Kamado-malleille.<\/span><span data-ccp-props=\"{&quot;201341983&quot;:0,&quot;335559739&quot;:160,&quot;335559740&quot;:259}\">\u00a0<\/span><\/p>\n","protected":false},"excerpt":{"rendered":"<p><span class=\"TextRun SCXW71005022 BCX0\" lang=\"FI-FI\" xml:lang=\"FI-FI\" data-contrast=\"auto\"><span class=\"NormalTextRun SCXW71005022 BCX0\">L\u00e4mm\u00f6njakaja <\/span><span class=\"NormalTextRun SCXW71005022 BCX0\">on suunniteltu eri l\u00e4mp\u00f6tiloilla grillaamiseen ja l\u00e4mm\u00f6n jakamiseen.<\/span><\/span><span class=\"EOP SCXW71005022 BCX0\" data-ccp-props=\"{&quot;201341983&quot;:0,&quot;335559739&quot;:160,&quot;335559740&quot;:259}\">\u00a0<\/span><\/p>\n","protected":false},"featured_media":10344,"template":"","meta":[],"product_brand":[],"product_cat":[94],"product_tag":[],"class_list":{"0":"post-10343","1":"product","2":"type-product","3":"status-publish","4":"has-post-thumbnail","6":"product_cat-grillaustarvikkeet","7":"product_shipping_class-accessories","9":"first","10":"instock","11":"taxable","12":"shipping-taxable","13":"purchasable","14":"product-type-simple"},"_links":{"self":[{"href":"https:\/\/dreamfiregrill.com\/fi\/wp-json\/wp\/v2\/product\/10343","targetHints":{"allow":["GET"]}}],"collection":[{"href":"https:\/\/dreamfiregrill.com\/fi\/wp-json\/wp\/v2\/product"}],"about":[{"href":"https:\/\/dreamfiregrill.com\/fi\/wp-json\/wp\/v2\/types\/product"}],"wp:featuredmedia":[{"embeddable":true,"href":"https:\/\/dreamfiregrill.com\/fi\/wp-json\/wp\/v2\/media\/10344"}],"wp:attachment":[{"href":"https:\/\/dreamfiregrill.com\/fi\/wp-json\/wp\/v2\/media?parent=10343"}],"wp:term":[{"taxonomy":"product_brand","embeddable":true,"href":"https:\/\/dreamfiregrill.com\/fi\/wp-json\/wp\/v2\/product_brand?post=10343"},{"taxonomy":"product_cat","embeddable":true,"href":"https:\/\/dreamfiregrill.com\/fi\/wp-json\/wp\/v2\/product_cat?post=10343"},{"taxonomy":"product_tag","embeddable":true,"href":"https:\/\/dreamfiregrill.com\/fi\/wp-json\/wp\/v2\/product_tag?post=10343"}],"curies":[{"name":"wp","href":"https:\/\/api.w.org\/{rel}","templated":true}]}}