{"id":10363,"date":"2019-04-13T15:39:28","date_gmt":"2019-04-13T12:39:28","guid":{"rendered":"https:\/\/dreamfiregrill.com\/product\/dreamfire-valurautaritila\/"},"modified":"2023-07-07T14:59:19","modified_gmt":"2023-07-07T11:59:19","slug":"dreamfire-valurautaritila","status":"publish","type":"product","link":"https:\/\/dreamfiregrill.com\/fi\/tuote\/dreamfire-valurautaritila\/","title":{"rendered":"Dreamfire\u00ae valurautaritil\u00e4"},"content":{"rendered":"","protected":false},"excerpt":{"rendered":"<p>Valurauta-posliiniritil\u00e4t ovat tarttumattomat, helposti puhdistettavat ja jakavat kuumuuden tasaisesti. Sopii k\u00e4ytett\u00e4v\u00e4ksi avotulella; kest\u00e4v\u00e4, ei kuumene liikaa, siet\u00e4\u00e4 mekaanisia iskuja.<\/p>\n","protected":false},"featured_media":10364,"template":"","meta":[],"product_brand":[],"product_cat":[94],"product_tag":[],"class_list":{"0":"post-10363","1":"product","2":"type-product","3":"status-publish","4":"has-post-thumbnail","6":"product_cat-grillaustarvikkeet","7":"product_shipping_class-accessories","9":"first","10":"instock","11":"taxable","12":"shipping-taxable","13":"purchasable","14":"product-type-variable"},"_links":{"self":[{"href":"https:\/\/dreamfiregrill.com\/fi\/wp-json\/wp\/v2\/product\/10363","targetHints":{"allow":["GET"]}}],"collection":[{"href":"https:\/\/dreamfiregrill.com\/fi\/wp-json\/wp\/v2\/product"}],"about":[{"href":"https:\/\/dreamfiregrill.com\/fi\/wp-json\/wp\/v2\/types\/product"}],"wp:featuredmedia":[{"embeddable":true,"href":"https:\/\/dreamfiregrill.com\/fi\/wp-json\/wp\/v2\/media\/10364"}],"wp:attachment":[{"href":"https:\/\/dreamfiregrill.com\/fi\/wp-json\/wp\/v2\/media?parent=10363"}],"wp:term":[{"taxonomy":"product_brand","embeddable":true,"href":"https:\/\/dreamfiregrill.com\/fi\/wp-json\/wp\/v2\/product_brand?post=10363"},{"taxonomy":"product_cat","embeddable":true,"href":"https:\/\/dreamfiregrill.com\/fi\/wp-json\/wp\/v2\/product_cat?post=10363"},{"taxonomy":"product_tag","embeddable":true,"href":"https:\/\/dreamfiregrill.com\/fi\/wp-json\/wp\/v2\/product_tag?post=10363"}],"curies":[{"name":"wp","href":"https:\/\/api.w.org\/{rel}","templated":true}]}}