{"id":10445,"date":"2020-02-13T13:22:24","date_gmt":"2022-05-30T08:10:39","guid":{"rendered":"https:\/\/dreamfiregrill.com\/product\/dreamfire-kuumankestava-grillauskasine\/"},"modified":"2023-11-15T15:11:51","modified_gmt":"2023-11-15T13:11:51","slug":"dreamfire-kuumankestava-grillauskasine","status":"publish","type":"product","link":"https:\/\/dreamfiregrill.com\/fi\/tuote\/dreamfire-kuumankestava-grillauskasine\/","title":{"rendered":"Dreamfire extra kuumuutta kest\u00e4v\u00e4 grillihansikas"},"content":{"rendered":"<p><span class=\"TextRun SCXW210100518 BCX0\" lang=\"FI-FI\" xml:lang=\"FI-FI\" data-contrast=\"auto\"><span class=\"SpellingError SCXW210100518 BCX0\">Dreamfire<\/span><span class=\"NormalTextRun SCXW210100518 BCX0\">\u00a0extra kuumuutta kest\u00e4v\u00e4 grillihansikas kest\u00e4\u00e4 jopa 600 \u00b0C l\u00e4mp\u00f6tilaa ja on v\u00e4ltt\u00e4m\u00e4t\u00f6n apuv\u00e4line grillauksessa. Mahdollistaa mukavan kuumien pannujen, grilliritil\u00f6iden ja muiden nostamisen. Istuu mukavasti k\u00e4dess\u00e4. HUOM! Ole varovainen kuumien esineiden k\u00e4sittelyss\u00e4.<\/span><\/span><span class=\"EOP SCXW210100518 BCX0\" data-ccp-props=\"{&quot;201341983&quot;:0,&quot;335559739&quot;:160,&quot;335559740&quot;:259}\">\u00a0<\/span><\/p>\n","protected":false},"excerpt":{"rendered":"<p><span class=\"TextRun SCXW210100518 BCX0\" lang=\"FI-FI\" xml:lang=\"FI-FI\" data-contrast=\"auto\"><span class=\"SpellingError SCXW210100518 BCX0\">Dreamfire<\/span><span class=\"NormalTextRun SCXW210100518 BCX0\">\u00a0extra kuumuutta kest\u00e4v\u00e4 grillihansikas kest\u00e4\u00e4 jopa 600 \u00b0C l\u00e4mp\u00f6tilaa ja on v\u00e4ltt\u00e4m\u00e4t\u00f6n apuv\u00e4line grillauksessa. Mahdollistaa mukavan kuumien pannujen, grilliritil\u00f6iden ja muiden nostamisen. Istuu mukavasti k\u00e4dess\u00e4. HUOM! Ole varovainen kuumien esineiden k\u00e4sittelyss\u00e4.<\/span><\/span><span class=\"EOP SCXW210100518 BCX0\" data-ccp-props=\"{&quot;201341983&quot;:0,&quot;335559739&quot;:160,&quot;335559740&quot;:259}\">\u00a0<\/span><\/p>\n","protected":false},"featured_media":8326,"template":"","meta":[],"product_brand":[],"product_cat":[94],"product_tag":[],"class_list":{"0":"post-10445","1":"product","2":"type-product","3":"status-publish","4":"has-post-thumbnail","6":"product_cat-grillaustarvikkeet","7":"product_shipping_class-accessories","9":"first","10":"instock","11":"taxable","12":"shipping-taxable","13":"purchasable","14":"product-type-simple"},"_links":{"self":[{"href":"https:\/\/dreamfiregrill.com\/fi\/wp-json\/wp\/v2\/product\/10445","targetHints":{"allow":["GET"]}}],"collection":[{"href":"https:\/\/dreamfiregrill.com\/fi\/wp-json\/wp\/v2\/product"}],"about":[{"href":"https:\/\/dreamfiregrill.com\/fi\/wp-json\/wp\/v2\/types\/product"}],"wp:featuredmedia":[{"embeddable":true,"href":"https:\/\/dreamfiregrill.com\/fi\/wp-json\/wp\/v2\/media\/8326"}],"wp:attachment":[{"href":"https:\/\/dreamfiregrill.com\/fi\/wp-json\/wp\/v2\/media?parent=10445"}],"wp:term":[{"taxonomy":"product_brand","embeddable":true,"href":"https:\/\/dreamfiregrill.com\/fi\/wp-json\/wp\/v2\/product_brand?post=10445"},{"taxonomy":"product_cat","embeddable":true,"href":"https:\/\/dreamfiregrill.com\/fi\/wp-json\/wp\/v2\/product_cat?post=10445"},{"taxonomy":"product_tag","embeddable":true,"href":"https:\/\/dreamfiregrill.com\/fi\/wp-json\/wp\/v2\/product_tag?post=10445"}],"curies":[{"name":"wp","href":"https:\/\/api.w.org\/{rel}","templated":true}]}}