{"id":10474,"date":"2020-05-27T14:13:30","date_gmt":"2020-05-27T11:13:30","guid":{"rendered":"https:\/\/dreamfiregrill.com\/product\/dreamfire-valurautainen-kannellinen-kattila-1l\/"},"modified":"2023-07-07T14:59:11","modified_gmt":"2023-07-07T11:59:11","slug":"dreamfire-valurautainen-kannellinen-kattila-1l","status":"publish","type":"product","link":"https:\/\/dreamfiregrill.com\/fi\/tuote\/dreamfire-valurautainen-kannellinen-kattila-1l\/","title":{"rendered":"Dreamfire\u00ae valurautainen kannellinen kattila 1L"},"content":{"rendered":"","protected":false},"excerpt":{"rendered":"<p>Dreamfiren valurautakattila puukannella. Voi k\u00e4ytt\u00e4\u00e4 grillill\u00e4, kaasu-, keraamiselle-, s\u00e4hk\u00f6-, halogeeni-, puu- ja induktioliedell\u00e4. Halkaisija 18 cm. Tilavuus 1L.<\/p>\n","protected":false},"featured_media":8422,"template":"","meta":[],"product_brand":[],"product_cat":[94],"product_tag":[],"class_list":{"0":"post-10474","1":"product","2":"type-product","3":"status-publish","4":"has-post-thumbnail","6":"product_cat-grillaustarvikkeet","8":"first","9":"outofstock","10":"taxable","11":"shipping-taxable","12":"purchasable","13":"product-type-simple"},"_links":{"self":[{"href":"https:\/\/dreamfiregrill.com\/fi\/wp-json\/wp\/v2\/product\/10474","targetHints":{"allow":["GET"]}}],"collection":[{"href":"https:\/\/dreamfiregrill.com\/fi\/wp-json\/wp\/v2\/product"}],"about":[{"href":"https:\/\/dreamfiregrill.com\/fi\/wp-json\/wp\/v2\/types\/product"}],"wp:featuredmedia":[{"embeddable":true,"href":"https:\/\/dreamfiregrill.com\/fi\/wp-json\/wp\/v2\/media\/8422"}],"wp:attachment":[{"href":"https:\/\/dreamfiregrill.com\/fi\/wp-json\/wp\/v2\/media?parent=10474"}],"wp:term":[{"taxonomy":"product_brand","embeddable":true,"href":"https:\/\/dreamfiregrill.com\/fi\/wp-json\/wp\/v2\/product_brand?post=10474"},{"taxonomy":"product_cat","embeddable":true,"href":"https:\/\/dreamfiregrill.com\/fi\/wp-json\/wp\/v2\/product_cat?post=10474"},{"taxonomy":"product_tag","embeddable":true,"href":"https:\/\/dreamfiregrill.com\/fi\/wp-json\/wp\/v2\/product_tag?post=10474"}],"curies":[{"name":"wp","href":"https:\/\/api.w.org\/{rel}","templated":true}]}}