{"id":10478,"date":"2020-05-27T15:51:34","date_gmt":"2022-05-31T06:02:13","guid":{"rendered":"https:\/\/dreamfiregrill.com\/product\/dreamfire-valurautavuoka-puualustalla-1-5l\/"},"modified":"2023-07-07T14:59:09","modified_gmt":"2023-07-07T11:59:09","slug":"dreamfire-valurautavuoka-puualustalla-1-5l","status":"publish","type":"product","link":"https:\/\/dreamfiregrill.com\/fi\/tuote\/dreamfire-valurautavuoka-puualustalla-1-5l\/","title":{"rendered":"Dreamfire\u00ae valurautavuoka puualustalla 1.5L"},"content":{"rendered":"","protected":false},"excerpt":{"rendered":"<p>Dreamfiren valurautakattila puukannella. Voi k\u00e4ytt\u00e4\u00e4 grillill\u00e4, kaasu-, keraamiselle-, s\u00e4hk\u00f6-, halogeeni-, puu- ja induktioliedell\u00e4.<\/p>\n<p>Halkaisija 26cm<br \/>\nKorkeus 4.2cm<br \/>\nTilavuus 1.5L<\/p>\n","protected":false},"featured_media":8558,"template":"","meta":[],"product_brand":[],"product_cat":[94],"product_tag":[],"class_list":{"0":"post-10478","1":"product","2":"type-product","3":"status-publish","4":"has-post-thumbnail","6":"product_cat-grillaustarvikkeet","8":"first","9":"outofstock","10":"taxable","11":"shipping-taxable","12":"purchasable","13":"product-type-simple"},"_links":{"self":[{"href":"https:\/\/dreamfiregrill.com\/fi\/wp-json\/wp\/v2\/product\/10478","targetHints":{"allow":["GET"]}}],"collection":[{"href":"https:\/\/dreamfiregrill.com\/fi\/wp-json\/wp\/v2\/product"}],"about":[{"href":"https:\/\/dreamfiregrill.com\/fi\/wp-json\/wp\/v2\/types\/product"}],"wp:featuredmedia":[{"embeddable":true,"href":"https:\/\/dreamfiregrill.com\/fi\/wp-json\/wp\/v2\/media\/8558"}],"wp:attachment":[{"href":"https:\/\/dreamfiregrill.com\/fi\/wp-json\/wp\/v2\/media?parent=10478"}],"wp:term":[{"taxonomy":"product_brand","embeddable":true,"href":"https:\/\/dreamfiregrill.com\/fi\/wp-json\/wp\/v2\/product_brand?post=10478"},{"taxonomy":"product_cat","embeddable":true,"href":"https:\/\/dreamfiregrill.com\/fi\/wp-json\/wp\/v2\/product_cat?post=10478"},{"taxonomy":"product_tag","embeddable":true,"href":"https:\/\/dreamfiregrill.com\/fi\/wp-json\/wp\/v2\/product_tag?post=10478"}],"curies":[{"name":"wp","href":"https:\/\/api.w.org\/{rel}","templated":true}]}}