{"id":10490,"date":"2021-04-22T13:23:21","date_gmt":"2022-05-31T11:27:17","guid":{"rendered":"https:\/\/dreamfiregrill.com\/product\/dreamfire-viskitynnyriset-savustuspalikat\/"},"modified":"2023-11-16T13:32:53","modified_gmt":"2023-11-16T11:32:53","slug":"dreamfire-viskitynnyriset-savustuspalikat","status":"publish","type":"product","link":"https:\/\/dreamfiregrill.com\/fi\/tuote\/dreamfire-viskitynnyriset-savustuspalikat\/","title":{"rendered":"Dreamfire\u00ae viskitynnyriset savustuspalikat"},"content":{"rendered":"<p>Dreamfiren viskitynnyri-savustuspalikat on valmistettu aidoista tammisista viskitynnyreist\u00e4. Viskitynnyreist\u00e4 valmistetut savustuspalikat antavat mukavan makean ja voimakkaan savuaromin lihaa paistettaessa. Savustuspalikoita voi k\u00e4ytt\u00e4\u00e4 hiiligrilleiss\u00e4, kamadoissa ja savustusuuneissa. Viskitynnyreist\u00e4 valmistetut savustuspalikat sopivat parhaiten maun antamiseen naudan-, sian-, riista- tai linnunlihalle. Viskipalikoita voi ennen liottaa vedess\u00e4 tai panna kuivina hiilten v\u00e4liin.<\/p>\n<p>Dreamfiren viskitynnyri-savustuspalikat on valmistettu aidoista tammisista viskitynnyreist\u00e4. Viskitynnyreist\u00e4 valmistetut savustuspalikat antavat mukavan makean ja voimakkaan savuaromin lihaa paistettaessa. Savustuspalikoita voi k\u00e4ytt\u00e4\u00e4 hiiligrilleiss\u00e4, kamadoissa ja savustusuuneissa. Viskitynnyreist\u00e4 valmistetut savustuspalikat sopivat parhaiten maun antamiseen naudan-, sian-, riista- tai linnunlihalle. Viskipalikoita voi ennen liottaa vedess\u00e4 tai panna kuivina hiilten v\u00e4liin.<\/p>\n","protected":false},"excerpt":{"rendered":"<p>Dreamfiren viskitynnyri-savustuspalikat on valmistettu aidoista tammisista viskitynnyreist\u00e4. Viskitynnyreist\u00e4 valmistetut savustuspalikat antavat mukavan makean ja voimakkaan savuaromin lihaa paistettaessa. Savustuspalikoita voi k\u00e4ytt\u00e4\u00e4 hiiligrilleiss\u00e4, kamadoissa ja savustusuuneissa. Viskitynnyreist\u00e4 valmistetut savustuspalikat sopivat parhaiten maun antamiseen naudan-, sian-, riista- tai linnunlihalle. Viskipalikoita voi ennen liottaa vedess\u00e4 tai panna kuivina hiilten v\u00e4liin.<\/p>\n<p>Paino: ~2kg<\/p>\n","protected":false},"featured_media":11774,"template":"","meta":[],"product_brand":[],"product_cat":[148],"product_tag":[],"class_list":{"0":"post-10490","1":"product","2":"type-product","3":"status-publish","4":"has-post-thumbnail","6":"product_cat-hiilta-ja-tupakointia-fi","8":"first","9":"instock","10":"taxable","11":"shipping-taxable","12":"purchasable","13":"product-type-simple"},"_links":{"self":[{"href":"https:\/\/dreamfiregrill.com\/fi\/wp-json\/wp\/v2\/product\/10490","targetHints":{"allow":["GET"]}}],"collection":[{"href":"https:\/\/dreamfiregrill.com\/fi\/wp-json\/wp\/v2\/product"}],"about":[{"href":"https:\/\/dreamfiregrill.com\/fi\/wp-json\/wp\/v2\/types\/product"}],"wp:featuredmedia":[{"embeddable":true,"href":"https:\/\/dreamfiregrill.com\/fi\/wp-json\/wp\/v2\/media\/11774"}],"wp:attachment":[{"href":"https:\/\/dreamfiregrill.com\/fi\/wp-json\/wp\/v2\/media?parent=10490"}],"wp:term":[{"taxonomy":"product_brand","embeddable":true,"href":"https:\/\/dreamfiregrill.com\/fi\/wp-json\/wp\/v2\/product_brand?post=10490"},{"taxonomy":"product_cat","embeddable":true,"href":"https:\/\/dreamfiregrill.com\/fi\/wp-json\/wp\/v2\/product_cat?post=10490"},{"taxonomy":"product_tag","embeddable":true,"href":"https:\/\/dreamfiregrill.com\/fi\/wp-json\/wp\/v2\/product_tag?post=10490"}],"curies":[{"name":"wp","href":"https:\/\/api.w.org\/{rel}","templated":true}]}}