{"id":10492,"date":"2021-04-22T13:24:36","date_gmt":"2022-05-31T11:32:25","guid":{"rendered":"https:\/\/dreamfiregrill.com\/product\/dreamfire-leppapuiset-savustuspalikat\/"},"modified":"2023-11-16T13:32:49","modified_gmt":"2023-11-16T11:32:49","slug":"dreamfire-leppapuiset-savustuspalikat","status":"publish","type":"product","link":"https:\/\/dreamfiregrill.com\/fi\/tuote\/dreamfire-leppapuiset-savustuspalikat\/","title":{"rendered":"Dreamfire\u00ae lepp\u00e4puiset savustuspalikat"},"content":{"rendered":"<p>Dreamfiren lepp\u00e4puiset savustuspalikat on valmistettu kuivatetusta lep\u00e4st\u00e4. Lepp\u00e4puiset savustuspalikat ovat hyvin yleisk\u00e4ytt\u00f6isi\u00e4 ja sopivat leppe\u00e4n savunmaun lis\u00e4\u00e4miseen l\u00e4hes kaikelle ruoalle. Sopivat k\u00e4ytett\u00e4viksi hiiligrilleiss\u00e4 ja savustusuuneissa. Lepp\u00e4puiset savustuspalikat sopivat parhaiten savun maun lis\u00e4\u00e4miseen linnunlihalle ja meren antimille. Savustuspalikat ovat kuution muotoisia ja niiden jokainen sivu on noin 5 cm pitk\u00e4, jonka vuoksi ne sopivat ihanteellisesti hiiligrilliss\u00e4 hiilten v\u00e4liin asetettaviksi.<\/p>\n","protected":false},"excerpt":{"rendered":"<p>Dreamfiren lepp\u00e4puiset savustuspalikat on valmistettu kuivatetusta lep\u00e4st\u00e4. Lepp\u00e4puiset savustuspalikat ovat hyvin yleisk\u00e4ytt\u00f6isi\u00e4 ja sopivat leppe\u00e4n savunmaun lis\u00e4\u00e4miseen l\u00e4hes kaikelle ruoalle. Sopivat k\u00e4ytett\u00e4viksi hiiligrilleiss\u00e4 ja savustusuuneissa. Lepp\u00e4puiset savustuspalikat sopivat parhaiten savun maun lis\u00e4\u00e4miseen linnunlihalle ja meren antimille. Savustuspalikat ovat kuution muotoisia ja niiden jokainen sivu on noin 5 cm pitk\u00e4, jonka vuoksi ne sopivat ihanteellisesti hiiligrilliss\u00e4 hiilten v\u00e4liin asetettaviksi.<\/p>\n<p>Paino: ~2kg<\/p>\n","protected":false},"featured_media":11765,"template":"","meta":[],"product_brand":[],"product_cat":[148],"product_tag":[],"class_list":{"0":"post-10492","1":"product","2":"type-product","3":"status-publish","4":"has-post-thumbnail","6":"product_cat-hiilta-ja-tupakointia-fi","8":"first","9":"outofstock","10":"taxable","11":"shipping-taxable","12":"purchasable","13":"product-type-simple"},"_links":{"self":[{"href":"https:\/\/dreamfiregrill.com\/fi\/wp-json\/wp\/v2\/product\/10492","targetHints":{"allow":["GET"]}}],"collection":[{"href":"https:\/\/dreamfiregrill.com\/fi\/wp-json\/wp\/v2\/product"}],"about":[{"href":"https:\/\/dreamfiregrill.com\/fi\/wp-json\/wp\/v2\/types\/product"}],"wp:featuredmedia":[{"embeddable":true,"href":"https:\/\/dreamfiregrill.com\/fi\/wp-json\/wp\/v2\/media\/11765"}],"wp:attachment":[{"href":"https:\/\/dreamfiregrill.com\/fi\/wp-json\/wp\/v2\/media?parent=10492"}],"wp:term":[{"taxonomy":"product_brand","embeddable":true,"href":"https:\/\/dreamfiregrill.com\/fi\/wp-json\/wp\/v2\/product_brand?post=10492"},{"taxonomy":"product_cat","embeddable":true,"href":"https:\/\/dreamfiregrill.com\/fi\/wp-json\/wp\/v2\/product_cat?post=10492"},{"taxonomy":"product_tag","embeddable":true,"href":"https:\/\/dreamfiregrill.com\/fi\/wp-json\/wp\/v2\/product_tag?post=10492"}],"curies":[{"name":"wp","href":"https:\/\/api.w.org\/{rel}","templated":true}]}}