{"id":10494,"date":"2021-04-22T13:25:51","date_gmt":"2022-05-31T11:47:02","guid":{"rendered":"https:\/\/dreamfiregrill.com\/product\/dreamfire-tammiset-savustuspalikat\/"},"modified":"2023-11-16T13:32:42","modified_gmt":"2023-11-16T11:32:42","slug":"dreamfire-tammiset-savustuspalikat","status":"publish","type":"product","link":"https:\/\/dreamfiregrill.com\/fi\/tuote\/dreamfire-tammiset-savustuspalikat\/","title":{"rendered":"Dreamfire\u00ae tammiset savustuspalikat"},"content":{"rendered":"<p>Dreamfiren tammiset voi ennen liottaa vedess\u00e4 tai panna kuivina hiilten v\u00e4liin. savustuspalikat on valmistettu kuivatetusta tammipuusta. Tammiset savustuspalikat antavat voimakkaamman savun maun, kuin mit\u00e4 lepp\u00e4 antaa. Sopivat k\u00e4ytett\u00e4viksi hiiligrilleiss\u00e4 ja savustusuuneissa. Tammiset savustuspalikat sopivat parhaiten savun maun lis\u00e4\u00e4miseen naudan-, sian- ja riistalihalle. Savustuspalikat ovat kuution muotoisia ja niiden jokainen sivu on noin 5 cm pitk\u00e4, jonka vuoksi ne sopivat ihanteellisesti hiiligrilliss\u00e4 hiilten v\u00e4liin asetettaviksi. tammisetpalikoita voi ennen liottaa vedess\u00e4 tai panna kuivina hiilten v\u00e4liin.<\/p>\n","protected":false},"excerpt":{"rendered":"<p>Dreamfiren tammiset voi ennen liottaa vedess\u00e4 tai panna kuivina hiilten v\u00e4liin. savustuspalikat on valmistettu kuivatetusta tammipuusta. Tammiset savustuspalikat antavat voimakkaamman savun maun, kuin mit\u00e4 lepp\u00e4 antaa. Sopivat k\u00e4ytett\u00e4viksi hiiligrilleiss\u00e4 ja savustusuuneissa. Tammiset savustuspalikat sopivat parhaiten savun maun lis\u00e4\u00e4miseen naudan-, sian- ja riistalihalle. Savustuspalikat ovat kuution muotoisia ja niiden jokainen sivu on noin 5 cm pitk\u00e4, jonka vuoksi ne sopivat ihanteellisesti hiiligrilliss\u00e4 hiilten v\u00e4liin asetettaviksi. tammisetpalikoita voi ennen liottaa vedess\u00e4 tai panna kuivina hiilten v\u00e4liin.<\/p>\n<p>Paino: ~2kg<\/p>\n","protected":false},"featured_media":11756,"template":"","meta":[],"product_brand":[],"product_cat":[148],"product_tag":[],"class_list":{"0":"post-10494","1":"product","2":"type-product","3":"status-publish","4":"has-post-thumbnail","6":"product_cat-hiilta-ja-tupakointia-fi","8":"first","9":"outofstock","10":"taxable","11":"shipping-taxable","12":"purchasable","13":"product-type-simple"},"_links":{"self":[{"href":"https:\/\/dreamfiregrill.com\/fi\/wp-json\/wp\/v2\/product\/10494","targetHints":{"allow":["GET"]}}],"collection":[{"href":"https:\/\/dreamfiregrill.com\/fi\/wp-json\/wp\/v2\/product"}],"about":[{"href":"https:\/\/dreamfiregrill.com\/fi\/wp-json\/wp\/v2\/types\/product"}],"wp:featuredmedia":[{"embeddable":true,"href":"https:\/\/dreamfiregrill.com\/fi\/wp-json\/wp\/v2\/media\/11756"}],"wp:attachment":[{"href":"https:\/\/dreamfiregrill.com\/fi\/wp-json\/wp\/v2\/media?parent=10494"}],"wp:term":[{"taxonomy":"product_brand","embeddable":true,"href":"https:\/\/dreamfiregrill.com\/fi\/wp-json\/wp\/v2\/product_brand?post=10494"},{"taxonomy":"product_cat","embeddable":true,"href":"https:\/\/dreamfiregrill.com\/fi\/wp-json\/wp\/v2\/product_cat?post=10494"},{"taxonomy":"product_tag","embeddable":true,"href":"https:\/\/dreamfiregrill.com\/fi\/wp-json\/wp\/v2\/product_tag?post=10494"}],"curies":[{"name":"wp","href":"https:\/\/api.w.org\/{rel}","templated":true}]}}