{"id":10496,"date":"2021-11-01T14:34:43","date_gmt":"2022-05-31T12:16:12","guid":{"rendered":"https:\/\/dreamfiregrill.com\/product\/dreamfire-kirsikkapuiset-savustuspalikat\/"},"modified":"2023-11-16T13:31:39","modified_gmt":"2023-11-16T11:31:39","slug":"dreamfire-kirsikkapuiset-savustuspalikat","status":"publish","type":"product","link":"https:\/\/dreamfiregrill.com\/fi\/tuote\/dreamfire-kirsikkapuiset-savustuspalikat\/","title":{"rendered":"Dreamfire\u00ae kirsikkapuiset savustuspalikat"},"content":{"rendered":"","protected":false},"excerpt":{"rendered":"<p>Kirsikkapuiset Dreamfire\u00ae-savustuspalikat on valmistettu kuivatusta kirsikkapuusta. Kirsikkapuiset savustuspalikat ovat hyvin yleisk\u00e4ytt\u00f6isi\u00e4 ja sopivat leppe\u00e4n savun maun lis\u00e4\u00e4miseen l\u00e4hes jokaiseen ruokaan, parhaiten kuitenkin linnunlihalle ja meren antimille. Savustuspalikat ovat kuution muotoisia ja niiden jokainen sivu on noin 5 cm pitk\u00e4, jonka vuoksi ne sopivat ihanteellisesti hiiligrilliss\u00e4 hiilten v\u00e4liin asetettaviksi. Viskipalikoita voi ennen liottaa vedess\u00e4 tai panna kuivina hiilten v\u00e4liin.<\/p>\n","protected":false},"featured_media":12841,"template":"","meta":[],"product_brand":[],"product_cat":[148],"product_tag":[],"class_list":{"0":"post-10496","1":"product","2":"type-product","3":"status-publish","4":"has-post-thumbnail","6":"product_cat-hiilta-ja-tupakointia-fi","8":"first","9":"instock","10":"taxable","11":"shipping-taxable","12":"purchasable","13":"product-type-simple"},"_links":{"self":[{"href":"https:\/\/dreamfiregrill.com\/fi\/wp-json\/wp\/v2\/product\/10496","targetHints":{"allow":["GET"]}}],"collection":[{"href":"https:\/\/dreamfiregrill.com\/fi\/wp-json\/wp\/v2\/product"}],"about":[{"href":"https:\/\/dreamfiregrill.com\/fi\/wp-json\/wp\/v2\/types\/product"}],"wp:featuredmedia":[{"embeddable":true,"href":"https:\/\/dreamfiregrill.com\/fi\/wp-json\/wp\/v2\/media\/12841"}],"wp:attachment":[{"href":"https:\/\/dreamfiregrill.com\/fi\/wp-json\/wp\/v2\/media?parent=10496"}],"wp:term":[{"taxonomy":"product_brand","embeddable":true,"href":"https:\/\/dreamfiregrill.com\/fi\/wp-json\/wp\/v2\/product_brand?post=10496"},{"taxonomy":"product_cat","embeddable":true,"href":"https:\/\/dreamfiregrill.com\/fi\/wp-json\/wp\/v2\/product_cat?post=10496"},{"taxonomy":"product_tag","embeddable":true,"href":"https:\/\/dreamfiregrill.com\/fi\/wp-json\/wp\/v2\/product_tag?post=10496"}],"curies":[{"name":"wp","href":"https:\/\/api.w.org\/{rel}","templated":true}]}}