{"id":10501,"date":"2021-11-01T15:13:57","date_gmt":"2022-05-31T12:45:16","guid":{"rendered":"https:\/\/dreamfiregrill.com\/product\/dreamfire-rommitynnyriset-savustuspalikat\/"},"modified":"2023-11-16T13:26:54","modified_gmt":"2023-11-16T11:26:54","slug":"dreamfire-rommitynnyriset-savustuspalikat","status":"publish","type":"product","link":"https:\/\/dreamfiregrill.com\/fi\/tuote\/dreamfire-rommitynnyriset-savustuspalikat\/","title":{"rendered":"Dreamfire\u00ae rommitynnyriset savustuspalikat"},"content":{"rendered":"","protected":false},"excerpt":{"rendered":"<p>Rommitynnyriset Dreamfire\u00ae savustuspalikat on valmistettu rommitynnyrien laudoista. Rommitynnyriset savustuspalikat antavat voimakasta savun makua. Sopii k\u00e4ytett\u00e4v\u00e4ksi sek\u00e4 kamado-grilleiss\u00e4 ett\u00e4 savustusuuneissa. Sopii sian-, naudan- ja kananlihalle. Savustuspalikat ovat kuution muotoisia ja niiden jokainen sivu on noin 5 cm pitk\u00e4, jonka vuoksi ne sopivat ihanteellisesti hiiligrilliss\u00e4 hiilten v\u00e4liin asetettaviksi. Viskipalikoita voi ennen liottaa vedess\u00e4 tai panna kuivina hiilten v\u00e4liin.<\/p>\n","protected":false},"featured_media":11738,"template":"","meta":[],"product_brand":[],"product_cat":[148],"product_tag":[],"class_list":{"0":"post-10501","1":"product","2":"type-product","3":"status-publish","4":"has-post-thumbnail","6":"product_cat-hiilta-ja-tupakointia-fi","8":"first","9":"outofstock","10":"taxable","11":"shipping-taxable","12":"purchasable","13":"product-type-simple"},"_links":{"self":[{"href":"https:\/\/dreamfiregrill.com\/fi\/wp-json\/wp\/v2\/product\/10501","targetHints":{"allow":["GET"]}}],"collection":[{"href":"https:\/\/dreamfiregrill.com\/fi\/wp-json\/wp\/v2\/product"}],"about":[{"href":"https:\/\/dreamfiregrill.com\/fi\/wp-json\/wp\/v2\/types\/product"}],"wp:featuredmedia":[{"embeddable":true,"href":"https:\/\/dreamfiregrill.com\/fi\/wp-json\/wp\/v2\/media\/11738"}],"wp:attachment":[{"href":"https:\/\/dreamfiregrill.com\/fi\/wp-json\/wp\/v2\/media?parent=10501"}],"wp:term":[{"taxonomy":"product_brand","embeddable":true,"href":"https:\/\/dreamfiregrill.com\/fi\/wp-json\/wp\/v2\/product_brand?post=10501"},{"taxonomy":"product_cat","embeddable":true,"href":"https:\/\/dreamfiregrill.com\/fi\/wp-json\/wp\/v2\/product_cat?post=10501"},{"taxonomy":"product_tag","embeddable":true,"href":"https:\/\/dreamfiregrill.com\/fi\/wp-json\/wp\/v2\/product_tag?post=10501"}],"curies":[{"name":"wp","href":"https:\/\/api.w.org\/{rel}","templated":true}]}}