{"id":10502,"date":"2021-11-01T15:23:45","date_gmt":"2022-05-31T12:47:53","guid":{"rendered":"https:\/\/dreamfiregrill.com\/product\/dreamfire-viinitynnyriset-savustuspalikat\/"},"modified":"2023-07-07T14:58:54","modified_gmt":"2023-07-07T11:58:54","slug":"dreamfire-viinitynnyriset-savustuspalikat","status":"publish","type":"product","link":"https:\/\/dreamfiregrill.com\/fi\/tuote\/dreamfire-viinitynnyriset-savustuspalikat\/","title":{"rendered":"Dreamfire\u00ae viinitynnyriset savustuspalikat"},"content":{"rendered":"","protected":false},"excerpt":{"rendered":"<p>Viinitynnyriset Dreamfire\u00ae savustuspalikat on valmistettu viinitynnyrien laudoista. Viinitynnyriset savustuspalikat antavat voimakasta savun makua. Sopii sian-, naudan- ja riistalihalle. Savustuspalikat ovat kuution muotoisia ja niiden jokainen sivu on noin 5 cm pitk\u00e4, jonka vuoksi ne sopivat ihanteellisesti hiiligrilliss\u00e4 hiilten v\u00e4liin asetettaviksi. Viskipalikoita voi ennen liottaa vedess\u00e4 tai panna kuivina hiilten v\u00e4liin.<\/p>\n","protected":false},"featured_media":11728,"template":"","meta":[],"product_brand":[],"product_cat":[66,148],"product_tag":[],"class_list":{"0":"post-10502","1":"product","2":"type-product","3":"status-publish","4":"has-post-thumbnail","6":"product_cat-accessories","7":"product_cat-hiilta-ja-tupakointia-fi","9":"first","10":"instock","11":"taxable","12":"shipping-taxable","13":"purchasable","14":"product-type-simple"},"_links":{"self":[{"href":"https:\/\/dreamfiregrill.com\/fi\/wp-json\/wp\/v2\/product\/10502","targetHints":{"allow":["GET"]}}],"collection":[{"href":"https:\/\/dreamfiregrill.com\/fi\/wp-json\/wp\/v2\/product"}],"about":[{"href":"https:\/\/dreamfiregrill.com\/fi\/wp-json\/wp\/v2\/types\/product"}],"wp:featuredmedia":[{"embeddable":true,"href":"https:\/\/dreamfiregrill.com\/fi\/wp-json\/wp\/v2\/media\/11728"}],"wp:attachment":[{"href":"https:\/\/dreamfiregrill.com\/fi\/wp-json\/wp\/v2\/media?parent=10502"}],"wp:term":[{"taxonomy":"product_brand","embeddable":true,"href":"https:\/\/dreamfiregrill.com\/fi\/wp-json\/wp\/v2\/product_brand?post=10502"},{"taxonomy":"product_cat","embeddable":true,"href":"https:\/\/dreamfiregrill.com\/fi\/wp-json\/wp\/v2\/product_cat?post=10502"},{"taxonomy":"product_tag","embeddable":true,"href":"https:\/\/dreamfiregrill.com\/fi\/wp-json\/wp\/v2\/product_tag?post=10502"}],"curies":[{"name":"wp","href":"https:\/\/api.w.org\/{rel}","templated":true}]}}