{"id":11347,"date":"2022-07-07T16:10:48","date_gmt":"2022-07-07T13:10:48","guid":{"rendered":"https:\/\/dreamfiregrill.com\/product\/dreamfire-valurautakattila-kannella-4l\/"},"modified":"2023-11-15T15:07:42","modified_gmt":"2023-11-15T13:07:42","slug":"dreamfire-valurautakattila-kannella-4l","status":"publish","type":"product","link":"https:\/\/dreamfiregrill.com\/fi\/tuote\/dreamfire-valurautakattila-kannella-4l\/","title":{"rendered":"Dreamfire valurautapata kannella, 4 litraa"},"content":{"rendered":"<p><span class=\"TextRun SCXW241646430 BCX0\" lang=\"FI-FI\" xml:lang=\"FI-FI\" data-contrast=\"auto\"><span class=\"SpellingError SCXW241646430 BCX0\">Dreamfire<\/span><span class=\"NormalTextRun SCXW241646430 BCX0\"> valurautapata kannella. Kansi on k\u00e4ytett\u00e4viss\u00e4 eri<\/span><span class=\"NormalTextRun SCXW241646430 BCX0\">kseen<\/span><span class=\"NormalTextRun SCXW241646430 BCX0\"> paistinpannuna. Sit\u00e4 voi k\u00e4ytt\u00e4\u00e4 grilliss\u00e4, kaasu-, keramiikka-, s\u00e4hk\u00f6-, halogeeni-, puu- ja induktioliedell\u00e4. Halkaisija 26 cm, korkeus 8 cm, tilavuus 4 litraa.<\/span><\/span><span class=\"EOP SCXW241646430 BCX0\" data-ccp-props=\"{&quot;201341983&quot;:0,&quot;335559739&quot;:160,&quot;335559740&quot;:259}\">\u00a0<\/span><\/p>\n<p>&nbsp;<\/p>\n<p><span class=\"TextRun SCXW197326392 BCX0\" lang=\"FI-FI\" xml:lang=\"FI-FI\" data-contrast=\"auto\"><span class=\"NormalTextRun SCXW197326392 BCX0\">Valurautapadassa voit valmistaa monenlaisia ruokia, aina paahdetuista vihanneksista meheviin liharuokiin ja j\u00e4lkiruokiin asti. Valurautapata luo ruoalle herkullisen rapean pinnan s\u00e4ilytt\u00e4en samalla mehevyyden.<\/span><\/span><span class=\"EOP SCXW197326392 BCX0\" data-ccp-props=\"{&quot;201341983&quot;:0,&quot;335559739&quot;:160,&quot;335559740&quot;:259}\">\u00a0<\/span><\/p>\n","protected":false},"excerpt":{"rendered":"<p><span class=\"TextRun SCXW241646430 BCX0\" lang=\"FI-FI\" xml:lang=\"FI-FI\" data-contrast=\"auto\"><span class=\"SpellingError SCXW241646430 BCX0\">Dreamfire<\/span><span class=\"NormalTextRun SCXW241646430 BCX0\"> valurautapata kannella. Kansi on k\u00e4ytett\u00e4viss\u00e4 eri<\/span><span class=\"NormalTextRun SCXW241646430 BCX0\">kseen<\/span><span class=\"NormalTextRun SCXW241646430 BCX0\"> paistinpannuna. Sit\u00e4 voi k\u00e4ytt\u00e4\u00e4 grilliss\u00e4, kaasu-, keramiikka-, s\u00e4hk\u00f6-, halogeeni-, puu- ja induktioliedell\u00e4. Halkaisija 26 cm, korkeus 8 cm, tilavuus 4 litraa.<\/span><\/span><span class=\"EOP SCXW241646430 BCX0\" data-ccp-props=\"{&quot;201341983&quot;:0,&quot;335559739&quot;:160,&quot;335559740&quot;:259}\">\u00a0<\/span><\/p>\n","protected":false},"featured_media":11332,"template":"","meta":[],"product_brand":[],"product_cat":[94],"product_tag":[],"class_list":{"0":"post-11347","1":"product","2":"type-product","3":"status-publish","4":"has-post-thumbnail","6":"product_cat-grillaustarvikkeet","8":"first","9":"instock","10":"taxable","11":"shipping-taxable","12":"purchasable","13":"product-type-simple"},"_links":{"self":[{"href":"https:\/\/dreamfiregrill.com\/fi\/wp-json\/wp\/v2\/product\/11347","targetHints":{"allow":["GET"]}}],"collection":[{"href":"https:\/\/dreamfiregrill.com\/fi\/wp-json\/wp\/v2\/product"}],"about":[{"href":"https:\/\/dreamfiregrill.com\/fi\/wp-json\/wp\/v2\/types\/product"}],"wp:featuredmedia":[{"embeddable":true,"href":"https:\/\/dreamfiregrill.com\/fi\/wp-json\/wp\/v2\/media\/11332"}],"wp:attachment":[{"href":"https:\/\/dreamfiregrill.com\/fi\/wp-json\/wp\/v2\/media?parent=11347"}],"wp:term":[{"taxonomy":"product_brand","embeddable":true,"href":"https:\/\/dreamfiregrill.com\/fi\/wp-json\/wp\/v2\/product_brand?post=11347"},{"taxonomy":"product_cat","embeddable":true,"href":"https:\/\/dreamfiregrill.com\/fi\/wp-json\/wp\/v2\/product_cat?post=11347"},{"taxonomy":"product_tag","embeddable":true,"href":"https:\/\/dreamfiregrill.com\/fi\/wp-json\/wp\/v2\/product_tag?post=11347"}],"curies":[{"name":"wp","href":"https:\/\/api.w.org\/{rel}","templated":true}]}}