{"id":11350,"date":"2022-07-07T16:24:29","date_gmt":"2022-07-07T13:24:29","guid":{"rendered":"https:\/\/dreamfiregrill.com\/?post_type=product&#038;p=11350"},"modified":"2023-11-15T14:58:51","modified_gmt":"2023-11-15T12:58:51","slug":"dreamfire-valurautainen-wokkipannu-36cm-kannella","status":"publish","type":"product","link":"https:\/\/dreamfiregrill.com\/fi\/tuote\/dreamfire-valurautainen-wokkipannu-36cm-kannella\/","title":{"rendered":"Dreamfire\u00ae valurautainen wok-pannu, kannella"},"content":{"rendered":"<p><span class=\"TextRun SCXW24002373 BCX0\" lang=\"FI-FI\" xml:lang=\"FI-FI\" data-contrast=\"auto\"><span class=\"SpellingError SCXW24002373 BCX0\">Dreamfire<\/span><span class=\"NormalTextRun SCXW24002373 BCX0\">-valurautainen wok-pannu kannella. Voidaan k\u00e4ytt\u00e4\u00e4 grilliss\u00e4, kaasu-, keramiikka-, s\u00e4hk\u00f6-, halogeeni-, puu- ja induktioliedell\u00e4. Halkaisija 36 cm, korkeus 13 cm, tilavuus 5,5 L.<\/span><\/span><span class=\"EOP SCXW24002373 BCX0\" data-ccp-props=\"{&quot;201341983&quot;:0,&quot;335559739&quot;:160,&quot;335559740&quot;:259}\"> \u00a0<\/span><\/p>\n<p>&nbsp;<\/p>\n<p><span class=\"TextRun SCXW230104520 BCX0\" lang=\"FI-FI\" xml:lang=\"FI-FI\" data-contrast=\"auto\"><span class=\"NormalTextRun SCXW230104520 BCX0\">Valurautapadassa voit valmistaa monenlaisia ruokia, aina paahdetuista vihanneksista meheviin liharuokiin ja j\u00e4lkiruokiin asti. Valurautapata luo ruoalle herkullisen rapean pinnan s\u00e4ilytt\u00e4en samalla mehevyyden.<\/span><\/span><span class=\"EOP SCXW230104520 BCX0\" data-ccp-props=\"{&quot;201341983&quot;:0,&quot;335559739&quot;:160,&quot;335559740&quot;:259}\">\u00a0<\/span><\/p>\n","protected":false},"excerpt":{"rendered":"<p><span class=\"TextRun SCXW997738 BCX0\" lang=\"FI-FI\" xml:lang=\"FI-FI\" data-contrast=\"auto\"><span class=\"NormalTextRun SCXW997738 BCX0\">Valurautapadassa voit valmistaa monenlaisia ruokia, aina paahdetuista vihanneksista meheviin liharuokiin ja j\u00e4lkiruokiin asti. Valurautapata luo ruoalle herkullisen rapean pinnan s\u00e4ilytt\u00e4en samalla mehevyyden.<\/span><\/span><span class=\"EOP SCXW997738 BCX0\" data-ccp-props=\"{&quot;201341983&quot;:0,&quot;335559739&quot;:160,&quot;335559740&quot;:259}\"> T<\/span><span class=\"TextRun SCXW194327335 BCX0\" lang=\"FI-FI\" xml:lang=\"FI-FI\" data-contrast=\"auto\"><span class=\"NormalTextRun SCXW194327335 BCX0\">ilavuus 5,5 L.<\/span><\/span><\/p>\n","protected":false},"featured_media":11369,"template":"","meta":[],"product_brand":[],"product_cat":[94],"product_tag":[],"class_list":{"0":"post-11350","1":"product","2":"type-product","3":"status-publish","4":"has-post-thumbnail","6":"product_cat-grillaustarvikkeet","8":"first","9":"instock","10":"taxable","11":"shipping-taxable","12":"purchasable","13":"product-type-simple"},"_links":{"self":[{"href":"https:\/\/dreamfiregrill.com\/fi\/wp-json\/wp\/v2\/product\/11350","targetHints":{"allow":["GET"]}}],"collection":[{"href":"https:\/\/dreamfiregrill.com\/fi\/wp-json\/wp\/v2\/product"}],"about":[{"href":"https:\/\/dreamfiregrill.com\/fi\/wp-json\/wp\/v2\/types\/product"}],"wp:featuredmedia":[{"embeddable":true,"href":"https:\/\/dreamfiregrill.com\/fi\/wp-json\/wp\/v2\/media\/11369"}],"wp:attachment":[{"href":"https:\/\/dreamfiregrill.com\/fi\/wp-json\/wp\/v2\/media?parent=11350"}],"wp:term":[{"taxonomy":"product_brand","embeddable":true,"href":"https:\/\/dreamfiregrill.com\/fi\/wp-json\/wp\/v2\/product_brand?post=11350"},{"taxonomy":"product_cat","embeddable":true,"href":"https:\/\/dreamfiregrill.com\/fi\/wp-json\/wp\/v2\/product_cat?post=11350"},{"taxonomy":"product_tag","embeddable":true,"href":"https:\/\/dreamfiregrill.com\/fi\/wp-json\/wp\/v2\/product_tag?post=11350"}],"curies":[{"name":"wp","href":"https:\/\/api.w.org\/{rel}","templated":true}]}}