{"id":12036,"date":"2023-05-10T13:28:25","date_gmt":"2023-05-10T10:28:25","guid":{"rendered":"https:\/\/dreamfiregrill.com\/?post_type=product&#038;p=12036"},"modified":"2023-11-15T14:25:53","modified_gmt":"2023-11-15T12:25:53","slug":"dreamfire-kamado-comfy-home","status":"publish","type":"product","link":"https:\/\/dreamfiregrill.com\/fi\/tuote\/dreamfire-kamado-comfy-home\/","title":{"rendered":"Dreamfire\u00ae Kamado Comfy Home"},"content":{"rendered":"<p><span data-contrast=\"auto\">Dreamfire Kamado Comfy Home on kompakti, mutta tehokas kamado, joka tarjoaa poikkeuksellisen grillikokemuksen pieness\u00e4 koossa. Dreamfire Kamado Comfy Home on suunniteltu pienille perheille tai tiloihin, joissa tila on rajallinen.<\/span><span data-ccp-props=\"{&quot;201341983&quot;:0,&quot;335559739&quot;:160,&quot;335559740&quot;:259}\">\u00a0<\/span><\/p>\n<p><span data-contrast=\"auto\">Dreamfire Kamado Comfy Home on sopivan kokoinen, jotta se voidaan vaivatta sijoittaa s\u00e4ilytystilaan, mutta siit\u00e4 huolimatta siin\u00e4 on kaikki suurempien kamadojen ominaisuudet. Sen 37 cm halkaisijalla varustettu paistoala mahdollistaa samanaikaisen kahden tason grillaamisen, jolloin voit valmistaa mehukkaita ribsej\u00e4, kokonaista kanaa, herkullisia hampurilaisia tai pizzaa.<\/span><span data-ccp-props=\"{&quot;201341983&quot;:0,&quot;335559739&quot;:160,&quot;335559740&quot;:259}\">\u00a0<\/span><\/p>\n<p><span data-contrast=\"auto\">Yksinoikeudellinen kuusikulmaisista kuvioista koostuva muotoilu.<\/span><span data-ccp-props=\"{&quot;201341983&quot;:0,&quot;335559739&quot;:160,&quot;335559740&quot;:259}\">\u00a0<\/span><\/p>\n<p><span data-contrast=\"auto\"><strong>\u00c4l\u00e4 tyydy tylsiin muotoiluihin<\/strong> \u2013 olemme t\u00e4ysin samaa mielt\u00e4 siit\u00e4, ett\u00e4 grilli on takapihalla paitsi ruoanlaittov\u00e4line, my\u00f6s muotoiluelementti. Comfy-malleilla voit olla varma, ett\u00e4 Kamadosi on ainutlaatuisesti ja tyylikk\u00e4\u00e4sti muotoiltu, mutta samalla se ei tingi laadusta eik\u00e4 toiminnallisuudesta. Comfy Home tarjoaa useita huomionarvoisia ominaisuuksia, kuten:<\/span><span data-ccp-props=\"{&quot;201341983&quot;:0,&quot;335559739&quot;:160,&quot;335559740&quot;:259}\">\u00a0<\/span><\/p>\n<p><span data-contrast=\"auto\"><strong>Kaksitasoinen grillausj\u00e4rjestelm\u00e4 LUX<\/strong> &#8211; kaksi tasoa, nelj\u00e4 puolikuun muotoista ruostumattomasta ter\u00e4ksest\u00e4 valmistettua ritil\u00e4\u00e4, kaksi keraamista puolikuun muotoista deflektorilevy\u00e4 ja mukavat kahvat koko j\u00e4rjestelm\u00e4n nostamiseen \u2013 t\u00e4m\u00e4 tekee Dreamfire Kamado Comfyst\u00e4 todella joustavan grillin, jossa voit k\u00e4ytt\u00e4\u00e4 ritil\u00f6it\u00e4 ja deflektoreita kymmeniss\u00e4 eri kokoonpanoissa.\u00a0\u00a0<\/span><span data-ccp-props=\"{&quot;201341983&quot;:0,&quot;335559739&quot;:160,&quot;335559740&quot;:259}\">\u00a0<\/span><\/p>\n<p><span data-contrast=\"auto\"><strong>Ruostumattomasta ter\u00e4ksest\u00e4 valmistettu hiiligrilliastia<\/strong> \u2013 Dreamfire Kamado Comfy settiin sis\u00e4ltyy helppok\u00e4ytt\u00f6inen hiiligrilliastia, jonka avulla ylim\u00e4\u00e4r\u00e4inen tuhka on helppo poistaa hiilien v\u00e4lilt\u00e4, varmistaen optimaalisen ilmavirran hiilille. Ennen kamadon k\u00e4ytt\u00f6\u00e4 nosta hiiligrilliastia ulos grillist\u00e4, ravistele tuhka ja pienet hiilenpalaset pois ja aseta astia takaisin tulipes\u00e4\u00e4n. Hiiligrilliastian avulla ei koskaan synny ongelmaa, jossa tuhka est\u00e4\u00e4 hiili\u00e4 palamasta tehokkaasti.<\/span><span data-ccp-props=\"{&quot;201341983&quot;:0,&quot;335559739&quot;:160,&quot;335559740&quot;:259}\">\u00a0<\/span><\/p>\n<p><span data-contrast=\"auto\"><strong>Dreamfire Meatspotter 100 Bluetooth l\u00e4mp\u00f6mittari<\/strong> \u2013 Meid\u00e4n Bluetooth l\u00e4mp\u00f6mittarimme Meatspotter 100 antaa grillimestarille mielenrauhaa ja mahdollisuuden hoitaa muita asioita samalla, kun Smokey II valmistaa seuraavaa herkullista ruokaa. Kun joko grillin l\u00e4mp\u00f6tila tai ruoan sis\u00e4l\u00e4mp\u00f6tila saavuttaa asetetun tason, Meatspotterin sovellus puhelimessa ilmoittaa siit\u00e4. Ollessasi poissa grillilt\u00e4 voit seurata tapahtumia puhelimen kautta, ja ollessasi grillin vieress\u00e4 voit tarkastella l\u00e4mp\u00f6tiloja suurelta taustavalaistulta n\u00e4yt\u00f6lt\u00e4.<\/span><span data-ccp-props=\"{&quot;201341983&quot;:0,&quot;335559739&quot;:160,&quot;335559740&quot;:259}\">\u00a0<\/span><\/p>\n<p><span data-contrast=\"auto\"><strong>Sadesuoja<\/strong> &#8211; mukana tulee laadukas sadesuoja, joka pit\u00e4\u00e4 grillin puhtaana ja suojaa sit\u00e4 UV-s\u00e4teilt\u00e4, sateelta, lumelta ja (siite)p\u00f6lylt\u00e4.<\/span><span data-ccp-props=\"{&quot;201341983&quot;:0,&quot;335559739&quot;:160,&quot;335559740&quot;:259}\">\u00a0<\/span><\/p>\n<p><span data-contrast=\"auto\"><strong>Dreamfire tuhkakaavi<\/strong> &#8211; tekee tuhkan poistamisen grillin alaosan laatikosta helpoksi. Sopii my\u00f6s hyvin hiilien sekoittamiseen grillin sis\u00e4ll\u00e4!<\/span><span data-ccp-props=\"{&quot;201341983&quot;:0,&quot;335559739&quot;:160,&quot;335559740&quot;:259}\">\u00a0<\/span><\/p>\n<p><span data-contrast=\"auto\"><strong>Ruostumattomasta ter\u00e4ksest\u00e4 valmistettu yl\u00e4luukku katolla<\/strong> &#8211; Comfy yl\u00e4luukulla on pitk\u00e4 kahva, jossa on l\u00e4mp\u00f6\u00e4 kest\u00e4v\u00e4 k\u00e4rki, mik\u00e4 tekee siit\u00e4 helppok\u00e4ytt\u00f6isen ja turvallisen. Korkealaatuinen ruostumaton ter\u00e4s takaa sille erinomaisen kest\u00e4vyyden, ja sadesuoja tekee grillin ulkona s\u00e4ilytt\u00e4misest\u00e4 huoletonta ymp\u00e4ri vuoden. Satoi tai paistoi, grilli pysyy sis\u00e4lt\u00e4 kuivana.<\/span><span data-ccp-props=\"{&quot;201341983&quot;:0,&quot;335559739&quot;:160,&quot;335559740&quot;:259}\">\u00a0<\/span><\/p>\n<p><span data-contrast=\"auto\"><strong>Vahvat ruostumattomasta ter\u00e4ksest\u00e4 valmistetut ritil\u00e4t<\/strong> &#8211; Dreamfire Kamado Comfy grilliss\u00e4 on paksut ruostumattomasta ter\u00e4ksest\u00e4 valmistetut ritil\u00e4t. N\u00e4ill\u00e4 ritil\u00f6ill\u00e4 on eritt\u00e4in pitk\u00e4 k\u00e4ytt\u00f6ik\u00e4 paksun materiaalinsa ansiosta. Ruostumattomat puolikuun muotoiset ritil\u00e4t ovat helppoja puhdistaa, eiv\u00e4tk\u00e4 ne taivu tai sulaa.<\/span><span data-ccp-props=\"{&quot;201341983&quot;:0,&quot;335559739&quot;:160,&quot;335559740&quot;:259}\">\u00a0<\/span><\/p>\n<p><span data-contrast=\"auto\"><strong>Ruostumattomasta ter\u00e4ksest\u00e4 valmistettu runko, jossa on erityisen kest\u00e4v\u00e4t py\u00f6r\u00e4t<\/strong> &#8211; Dreamfire Kamado Comfy Home setiss\u00e4 on vahva ruostumaton ter\u00e4sjalkakehys, jossa on laadukkaat py\u00f6r\u00e4t. T\u00e4m\u00e4n ansiosta kamado on tyylik\u00e4s ja sit\u00e4 on helppo siirt\u00e4\u00e4.<\/span><span data-ccp-props=\"{&quot;201341983&quot;:0,&quot;335559739&quot;:160,&quot;335559740&quot;:259}\">\u00a0<\/span><\/p>\n<p><span data-contrast=\"auto\"><strong>Ruostumattomat osat<\/strong> \u2013 Comfy Home kamadossa on korkealaatuiset 304-ruostumattomasta ter\u00e4ksest\u00e4 valmistetut osat, mukaan lukien luukut, runko ja metalliset vy\u00f6t. Ruostumattoman ter\u00e4ksen osien kanssa ei tarvitse huolehtia siit\u00e4, ett\u00e4 kamado alkaisi ruostua jo muutamassa kuukaudessa.<\/span><span data-ccp-props=\"{&quot;201341983&quot;:0,&quot;335559739&quot;:160,&quot;335559740&quot;:259}\">\u00a0<\/span><\/p>\n<p><span data-contrast=\"auto\"><strong>Erityisen paksu ja tiivis keramiikka<\/strong> &#8211; Dreamfire Kamado Comfy Home keraaminen runko on valmistettu erityisen paksusta ja tiiviist\u00e4 keraamisesta materiaalista, mik\u00e4 tekee Comfysta eritt\u00e4in kest\u00e4v\u00e4n ja tehokkaasti l\u00e4mp\u00f6\u00e4 s\u00e4ilytt\u00e4v\u00e4n verrattuna muihin kamadotyyppisiin grilleihin. Paksu keramiikka pit\u00e4\u00e4 my\u00f6s grillin ulkopinnan viile\u00e4mp\u00e4n\u00e4 kuin metalliset grillit, mik\u00e4 tekee kamadosta turvallisemman grillivaihtoehdon.<\/span><span data-ccp-props=\"{&quot;201341983&quot;:0,&quot;335559739&quot;:160,&quot;335559740&quot;:259}\">\u00a0<\/span><\/p>\n<p><span data-contrast=\"auto\"><strong>Erityisen tehokas tiiviste rungon ja kannen v\u00e4lill\u00e4<\/strong> &#8211; Korkealaatuinen tiiviste tarkoittaa, ett\u00e4 kaikki grilliss\u00e4 oleva ilma on hallinnassasi, sill\u00e4 voit s\u00e4\u00e4t\u00e4\u00e4 sit\u00e4 luukuilla. T\u00e4m\u00e4 tekee ruoanlaittoprosessista helppoa, koska l\u00e4mp\u00f6tila pysyy tasaisena. Se tarkoittaa my\u00f6s, ett\u00e4 ruoanlaiton p\u00e4\u00e4tytty\u00e4 j\u00e4ljell\u00e4 oleva hiili sammuu vain muutamassa minuutissa, mik\u00e4 v\u00e4hent\u00e4\u00e4 merkitt\u00e4v\u00e4sti hiilenkulutusta.<\/span><span data-ccp-props=\"{&quot;201341983&quot;:0,&quot;335559739&quot;:160,&quot;335559740&quot;:259}\">\u00a0<\/span><\/p>\n<p><span data-contrast=\"auto\"><strong>Puiset sivutasot ripustuskoukuilla<\/strong> &#8211; Irrotettavat puiset sivutasot tarjoavat grillille ty\u00f6tilaa, johon voit k\u00e4tev\u00e4sti asettaa tarvikkeita. Koukkuihin voit k\u00e4tev\u00e4sti ripustaa omat grillipihtisi, lapion ja paljon muuta.<\/span><span data-ccp-props=\"{&quot;201341983&quot;:0,&quot;335559739&quot;:160,&quot;335559740&quot;:259}\">\u00a0<\/span><\/p>\n<p><span data-contrast=\"auto\"><strong>Helppo koota<\/strong> \u2013 Dreamfire Kamado Comfy Home on suurelta osin valmiiksi koottu, mik\u00e4 tarkoittaa, ett\u00e4 sinun tarvitsee asentaa vain jalkarunko ja kiinnitt\u00e4\u00e4 kahva sek\u00e4 sivutasot. Kaikki muu on jo valmiiksi koottu, joten grillin kokoaminen kest\u00e4\u00e4 alle 30 minuuttia.<\/span><span data-ccp-props=\"{&quot;201341983&quot;:0,&quot;335559739&quot;:160,&quot;335559740&quot;:259}\">\u00a0<\/span><\/p>\n<p><span data-contrast=\"auto\"><strong>Rajoitettu elinik\u00e4inen takuu<\/strong> \u2013 Dreamfire Kamado Comfy Home -mallilla on rajoitettu elinik\u00e4inen takuu keraamiselle rungolle. Seisomme tuotteemme laadun ja kest\u00e4vyyden takana varmistaen tyytyv\u00e4isyytenne vuosiksi eteenp\u00e4in.<\/span><span data-ccp-props=\"{&quot;201341983&quot;:0,&quot;335559739&quot;:160,&quot;335559740&quot;:259}\">\u00a0<\/span><\/p>\n<p><strong>Tekniset tiedot:\u00a0<\/strong><\/p>\n<ul>\n<li><span data-contrast=\"auto\">V\u00e4ri: Sininen<\/span><\/li>\n<li>Rungon ulkohalkaisija: 37 cm \/ 17\u201d<\/li>\n<li>Grillaushalkaisija: 43 cm \/ 14,5\u201d<\/li>\n<li>Kokonainen paistoala: 2153 cm\u00b2<span data-ccp-props=\"{&quot;201341983&quot;:0,&quot;335559739&quot;:160,&quot;335559740&quot;:259}\">\u00a0<\/span><\/li>\n<li>Rajoitettu elinik\u00e4inen takuu<\/li>\n<\/ul>\n","protected":false},"excerpt":{"rendered":"<div class=\"group w-full text-gray-800 dark:text-gray-100 border-b border-black\/10 dark:border-gray-900\/50 bg-gray-50 dark:bg-[#444654]\">\n<div class=\"flex p-4 gap-4 text-base md:gap-6 md:max-w-2xl lg:max-w-[38rem] xl:max-w-3xl md:py-6 lg:px-0 m-auto\">\n<div class=\"relative flex w-[calc(100%-50px)] flex-col gap-1 md:gap-3 lg:w-[calc(100%-115px)]\">\n<div class=\"flex flex-grow flex-col gap-3\">\n<div class=\"min-h-[20px] flex items-start overflow-x-auto whitespace-pre-wrap break-words flex-col gap-4\">\n<div class=\"markdown prose w-full break-words dark:prose-invert light\">\n<p><span class=\"TextRun SCXW23350646 BCX0\" lang=\"FI-FI\" xml:lang=\"FI-FI\" data-contrast=\"auto\"><span class=\"SpellingError SCXW23350646 BCX0\">Dreamfire<\/span> <span class=\"SpellingError SCXW23350646 BCX0\">Kamado<\/span> <span class=\"SpellingError SCXW23350646 BCX0\">Comfy<\/span><span class=\"NormalTextRun SCXW23350646 BCX0\"> Home on kompakti ja monipuolinen <\/span><span class=\"SpellingError SCXW23350646 BCX0\">kamado<\/span><span class=\"NormalTextRun SCXW23350646 BCX0\">, joka mahdollistaa suurten makujen luomisen pienell\u00e4 grillill\u00e4. T\u00e4m\u00e4 <\/span><span class=\"SpellingError SCXW23350646 BCX0\">kamado<\/span><span class=\"NormalTextRun SCXW23350646 BCX0\"> sopii t\u00e4ydellisesti pienille perheille ja liikkuville ihmisille, tarjoten kaikki <\/span><span class=\"SpellingError SCXW23350646 BCX0\">Comfy<\/span><span class=\"NormalTextRun SCXW23350646 BCX0\">-sarjan poikkeukselliset ominaisuudet pienemm\u00e4ss\u00e4 koossa. Sen eksklusiivisen muotoilun, kaksitasoisen grillausj\u00e4rjestelm\u00e4n, ruostumattomasta ter\u00e4ksest\u00e4 valmistettujen <\/span><span class=\"NormalTextRun SCXW23350646 BCX0\">os<\/span><span class=\"NormalTextRun SCXW23350646 BCX0\">ien ja rajoitetun elinik\u00e4isen takuun ansiosta <\/span><span class=\"SpellingError SCXW23350646 BCX0\">Comfy<\/span><span class=\"NormalTextRun SCXW23350646 BCX0\"> Home vie sinut unohtumattomille grillausmatkoille.<\/span><\/span><span class=\"EOP SCXW23350646 BCX0\" data-ccp-props=\"{&quot;201341983&quot;:0,&quot;335559739&quot;:160,&quot;335559740&quot;:259}\">\u00a0<\/span><\/p>\n<\/div>\n<\/div>\n<\/div>\n<\/div>\n<\/div>\n<\/div>\n","protected":false},"featured_media":12155,"template":"","meta":[],"product_brand":[],"product_cat":[90],"product_tag":[],"class_list":{"0":"post-12036","1":"product","2":"type-product","3":"status-publish","4":"has-post-thumbnail","6":"product_cat-grillit","8":"first","9":"instock","10":"taxable","11":"shipping-taxable","12":"purchasable","13":"product-type-simple"},"_links":{"self":[{"href":"https:\/\/dreamfiregrill.com\/fi\/wp-json\/wp\/v2\/product\/12036","targetHints":{"allow":["GET"]}}],"collection":[{"href":"https:\/\/dreamfiregrill.com\/fi\/wp-json\/wp\/v2\/product"}],"about":[{"href":"https:\/\/dreamfiregrill.com\/fi\/wp-json\/wp\/v2\/types\/product"}],"wp:featuredmedia":[{"embeddable":true,"href":"https:\/\/dreamfiregrill.com\/fi\/wp-json\/wp\/v2\/media\/12155"}],"wp:attachment":[{"href":"https:\/\/dreamfiregrill.com\/fi\/wp-json\/wp\/v2\/media?parent=12036"}],"wp:term":[{"taxonomy":"product_brand","embeddable":true,"href":"https:\/\/dreamfiregrill.com\/fi\/wp-json\/wp\/v2\/product_brand?post=12036"},{"taxonomy":"product_cat","embeddable":true,"href":"https:\/\/dreamfiregrill.com\/fi\/wp-json\/wp\/v2\/product_cat?post=12036"},{"taxonomy":"product_tag","embeddable":true,"href":"https:\/\/dreamfiregrill.com\/fi\/wp-json\/wp\/v2\/product_tag?post=12036"}],"curies":[{"name":"wp","href":"https:\/\/api.w.org\/{rel}","templated":true}]}}