{"id":12223,"date":"2023-07-10T12:05:39","date_gmt":"2023-07-10T09:05:39","guid":{"rendered":"https:\/\/dreamfiregrill.com\/?post_type=product&#038;p=12223"},"modified":"2024-03-20T21:09:35","modified_gmt":"2024-03-20T19:09:35","slug":"dreamfire-kamado-trendy-max-copy__trashed","status":"publish","type":"product","link":"https:\/\/dreamfiregrill.com\/fi\/tuote\/dreamfire-kamado-trendy-max-copy__trashed\/","title":{"rendered":"Dreamfire\u00ae Kamado Trendy Max"},"content":{"rendered":"<p><strong>Ominaisuudet:\u00a0<\/strong><\/p>\n<p><span data-contrast=\"auto\"><strong>Kaksitasoinen grillausj\u00e4rjestelm\u00e4 LUX<\/strong> &#8211; kaksi tasoa, nelj\u00e4 puolikuun muotoista ruostumattomasta ter\u00e4ksest\u00e4 valmistettua ritil\u00e4\u00e4, kaksi keraamista puolikuun muotoista deflektorilevy\u00e4 ja mukavat kahvat koko j\u00e4rjestelm\u00e4n nostamiseen \u2013 t\u00e4m\u00e4 tekee Dreamfire Kamado Comfyst\u00e4 todella joustavan grillin, jossa voit k\u00e4ytt\u00e4\u00e4 ritil\u00f6it\u00e4 ja deflektoreita kymmeniss\u00e4 eri kokoonpanoissa.\u00a0\u00a0<\/span><span data-ccp-props=\"{&quot;201341983&quot;:0,&quot;335559739&quot;:160,&quot;335559740&quot;:259}\">\u00a0<\/span><\/p>\n<p><span data-contrast=\"auto\"><strong>Ruostumattomasta ter\u00e4ksest\u00e4 valmistettu hiiligrilliastia<\/strong> \u2013 Dreamfire Kamado Comfy Max settiin sis\u00e4ltyy helppok\u00e4ytt\u00f6inen hiiligrilliastia, jonka avulla ylim\u00e4\u00e4r\u00e4inen tuhka on helppo poistaa hiilien v\u00e4lilt\u00e4, varmistaen optimaalisen ilmavirran hiilille. Ennen kamadon k\u00e4ytt\u00f6\u00e4 nosta hiiligrilliastia ulos grillist\u00e4, ravistele tuhka ja pienet hiilenpalaset pois ja aseta astia takaisin tulipes\u00e4\u00e4n. Hiiligrilliastian avulla ei koskaan synny ongelmaa, jossa tuhka est\u00e4\u00e4 hiili\u00e4 palamasta tehokkaasti.<\/span><span data-ccp-props=\"{&quot;201341983&quot;:0,&quot;335559739&quot;:160,&quot;335559740&quot;:259}\">\u00a0<\/span><\/p>\n<p><span data-contrast=\"auto\"><strong>Dreamfire Meatspotter 100 Bluetooth l\u00e4mp\u00f6mittari<\/strong> \u2013 Meid\u00e4n Bluetooth l\u00e4mp\u00f6mittarimme Meatspotter 100 antaa grillimestarille mielenrauhaa ja mahdollisuuden hoitaa muita asioita samalla, kun Smokey II valmistaa seuraavaa herkullista ruokaa. Kun joko grillin l\u00e4mp\u00f6tila tai ruoan sis\u00e4l\u00e4mp\u00f6tila saavuttaa asetetun tason, Meatspotterin sovellus puhelimessa ilmoittaa siit\u00e4. Ollessasi poissa grillilt\u00e4 voit seurata tapahtumia puhelimen kautta, ja ollessasi grillin vieress\u00e4 voit tarkastella l\u00e4mp\u00f6tiloja suurelta taustavalaistulta n\u00e4yt\u00f6lt\u00e4.<\/span><span data-ccp-props=\"{&quot;201341983&quot;:0,&quot;335559739&quot;:160,&quot;335559740&quot;:259}\">\u00a0<\/span><\/p>\n<p><span data-contrast=\"auto\"><strong>Sadesuoja<\/strong> &#8211; mukana tulee laadukas sadesuoja, joka pit\u00e4\u00e4 grillin puhtaana ja suojaa sit\u00e4 UV-s\u00e4teilt\u00e4, sateelta, lumelta ja (siite)p\u00f6lylt\u00e4.<\/span><span data-ccp-props=\"{&quot;201341983&quot;:0,&quot;335559739&quot;:160,&quot;335559740&quot;:259}\">\u00a0<\/span><\/p>\n<p><span data-contrast=\"auto\"><strong>Dreamfire tuhkakaavi<\/strong> &#8211; tekee tuhkan poistamisen grillin alaosan laatikosta helpoksi. Sopii my\u00f6s hyvin hiilien sekoittamiseen grillin sis\u00e4ll\u00e4!<\/span><span data-ccp-props=\"{&quot;201341983&quot;:0,&quot;335559739&quot;:160,&quot;335559740&quot;:259}\">\u00a0<\/span><\/p>\n<p><span data-contrast=\"auto\"><strong>Ruostumattomasta ter\u00e4ksest\u00e4 valmistettu yl\u00e4luukku katolla<\/strong> &#8211; Comfy yl\u00e4luukulla on pitk\u00e4 kahva, jossa on l\u00e4mp\u00f6\u00e4 kest\u00e4v\u00e4 k\u00e4rki, mik\u00e4 tekee siit\u00e4 helppok\u00e4ytt\u00f6isen ja turvallisen. Korkealaatuinen ruostumaton ter\u00e4s takaa sille erinomaisen kest\u00e4vyyden, ja sadesuoja tekee grillin ulkona s\u00e4ilytt\u00e4misest\u00e4 huoletonta ymp\u00e4ri vuoden. Satoi tai paistoi, grilli pysyy sis\u00e4lt\u00e4 kuivana.<\/span><span data-ccp-props=\"{&quot;201341983&quot;:0,&quot;335559739&quot;:160,&quot;335559740&quot;:259}\">\u00a0<\/span><\/p>\n<p><span data-contrast=\"auto\"><strong>Vahvat ruostumattomasta ter\u00e4ksest\u00e4 valmistetut ritil\u00e4t<\/strong> &#8211; Dreamfire Kamado Comfy Max grilliss\u00e4 on paksut ruostumattomasta ter\u00e4ksest\u00e4 valmistetut ritil\u00e4t. N\u00e4ill\u00e4 ritil\u00f6ill\u00e4 on eritt\u00e4in pitk\u00e4 k\u00e4ytt\u00f6ik\u00e4 paksun materiaalinsa ansiosta. Ruostumattomat puolikuun muotoiset ritil\u00e4t ovat helppoja puhdistaa, eiv\u00e4tk\u00e4 ne taivu tai sulaa.<\/span><span data-ccp-props=\"{&quot;201341983&quot;:0,&quot;335559739&quot;:160,&quot;335559740&quot;:259}\">\u00a0<\/span><\/p>\n<p><span data-contrast=\"auto\"><strong>Ruostumattomasta ter\u00e4ksest\u00e4 valmistettu runko, jossa on erityisen kest\u00e4v\u00e4t py\u00f6r\u00e4t<\/strong> &#8211; Dreamfire Kamado Comfy Max setiss\u00e4 on vahva ruostumaton ter\u00e4sjalkakehys, jossa on laadukkaat py\u00f6r\u00e4t. T\u00e4m\u00e4n ansiosta kamado on tyylik\u00e4s ja sit\u00e4 on helppo siirt\u00e4\u00e4.<\/span><span data-ccp-props=\"{&quot;201341983&quot;:0,&quot;335559739&quot;:160,&quot;335559740&quot;:259}\">\u00a0<\/span><\/p>\n<p><span data-contrast=\"auto\"><strong>Ruostumattomat osat<\/strong> \u2013 Comfy Max kamadossa on korkealaatuiset 304-ruostumattomasta ter\u00e4ksest\u00e4 valmistetut osat, mukaan lukien luukut, runko ja metalliset vy\u00f6t. Ruostumattoman ter\u00e4ksen osien kanssa ei tarvitse huolehtia siit\u00e4, ett\u00e4 kamado alkaisi ruostua jo muutamassa kuukaudessa.<\/span><span data-ccp-props=\"{&quot;201341983&quot;:0,&quot;335559739&quot;:160,&quot;335559740&quot;:259}\">\u00a0<\/span><\/p>\n<p><span data-contrast=\"auto\"><strong>Erityisen paksu ja tiivis keramiikka<\/strong> &#8211; Dreamfire Kamado Comfy Max keraaminen runko on valmistettu erityisen paksusta ja tiiviist\u00e4 keraamisesta materiaalista, mik\u00e4 tekee Comfysta eritt\u00e4in kest\u00e4v\u00e4n ja tehokkaasti l\u00e4mp\u00f6\u00e4 s\u00e4ilytt\u00e4v\u00e4n verrattuna muihin kamadotyyppisiin grilleihin. Paksu keramiikka pit\u00e4\u00e4 my\u00f6s grillin ulkopinnan viile\u00e4mp\u00e4n\u00e4 kuin metalliset grillit, mik\u00e4 tekee kamadosta turvallisemman grillivaihtoehdon.<\/span><span data-ccp-props=\"{&quot;201341983&quot;:0,&quot;335559739&quot;:160,&quot;335559740&quot;:259}\">\u00a0<\/span><\/p>\n<p><span data-contrast=\"auto\"><strong>Erityisen tehokas tiiviste rungon ja kannen v\u00e4lill\u00e4<\/strong> &#8211; Korkealaatuinen tiiviste tarkoittaa, ett\u00e4 kaikki grilliss\u00e4 oleva ilma on hallinnassasi, sill\u00e4 voit s\u00e4\u00e4t\u00e4\u00e4 sit\u00e4 luukuilla. T\u00e4m\u00e4 tekee ruoanlaittoprosessista helppoa, koska l\u00e4mp\u00f6tila pysyy tasaisena. Se tarkoittaa my\u00f6s, ett\u00e4 ruoanlaiton p\u00e4\u00e4tytty\u00e4 j\u00e4ljell\u00e4 oleva hiili sammuu vain muutamassa minuutissa, mik\u00e4 v\u00e4hent\u00e4\u00e4 merkitt\u00e4v\u00e4sti hiilenkulutusta.<\/span><span data-ccp-props=\"{&quot;201341983&quot;:0,&quot;335559739&quot;:160,&quot;335559740&quot;:259}\">\u00a0<\/span><\/p>\n<p><span data-contrast=\"auto\"><strong>Puiset sivutasot ripustuskoukuilla<\/strong> &#8211; Irrotettavat puiset sivutasot tarjoavat grillille ty\u00f6tilaa, johon voit k\u00e4tev\u00e4sti asettaa tarvikkeita. Koukkuihin voit k\u00e4tev\u00e4sti ripustaa omat grillipihtisi, lapion ja paljon muuta.<\/span><span data-ccp-props=\"{&quot;201341983&quot;:0,&quot;335559739&quot;:160,&quot;335559740&quot;:259}\">\u00a0<\/span><\/p>\n<p><span data-contrast=\"auto\"><strong>Rajoitettu elinik\u00e4inen takuu<\/strong> \u2013 Dreamfire Kamado Comfy Max-mallilla on rajoitettu elinik\u00e4inen takuu keraamiselle rungolle. Seisomme tuotteemme laadun ja kest\u00e4vyyden takana varmistaen tyytyv\u00e4isyytenne vuosiksi eteenp\u00e4in.<\/span><span data-ccp-props=\"{&quot;201341983&quot;:0,&quot;335559739&quot;:160,&quot;335559740&quot;:259}\">\u00a0<\/span><\/p>\n<p><strong>Tekniset tiedot:\u00a0<\/strong><\/p>\n<ul>\n<li><span data-contrast=\"auto\">V\u00e4ri: Sininen<\/span><\/li>\n<li>Rungon ulkohalkaisija: 68,5 cm \/ 27\u201d<\/li>\n<li>Grillaushalkaisija: 61 cm \/ 24\u201d<\/li>\n<li>Kokonainen paistoala: 5835 cm\u00b2<span data-ccp-props=\"{&quot;201341983&quot;:0,&quot;335559739&quot;:160,&quot;335559740&quot;:259}\">\u00a0<\/span><\/li>\n<li>Rajoitettu elinik\u00e4inen takuu<\/li>\n<\/ul>\n","protected":false},"excerpt":{"rendered":"<p><span data-contrast=\"auto\">Dreamfire Kamado Comfy Max on paras kamado-grilli niille, jotka kokkaavat suurelle perheelle, ammattikokeille tai niille, jotka rakastavat j\u00e4rjest\u00e4\u00e4 suuria grillijuhlia. Comfy Maxin eritt\u00e4in suuri paistoala (61 cm \/ 24 tuumaa) tarjoaa tarpeeksi tilaa huolelliseen ruoanlaittoon suuremmille seurueille. Comfy Max mahdollistaa samanaikaisesti nelj\u00e4n rintalihapalan, 6-8 porsaan kylkipalan, 3-4 kokonaisen kanan tai 1 eritt\u00e4in suuren kalkkunan valmistamisen.<\/span><span data-ccp-props=\"{&quot;201341983&quot;:0,&quot;335559739&quot;:160,&quot;335559740&quot;:259}\">\u00a0<\/span><\/p>\n<p><span data-contrast=\"auto\">Kypsenn\u00e4 mehev\u00e4\u00e4 lihaa, useita kokonaisia kaloja tai useita pizzoja \u2013 Comfy Maxin tilavalla paistoalalla on tilaa kaikelle. Comfy Maxin monipuolisuus ja tilavuus antavat sinulle mahdollisuuden toteuttaa kaikki kulinaariset ideasi.<\/span><span data-ccp-props=\"{&quot;201341983&quot;:0,&quot;335559739&quot;:160,&quot;335559740&quot;:259}\">\u00a0<\/span><\/p>\n<p><span data-contrast=\"auto\">Olipa kyseess\u00e4 sitten puutarhajuhla, ravintolan yll\u00e4pit\u00e4minen tai yksinkertaisesti ruoanlaitosta nauttiminen, Comfy Max on ihanteellinen kumppanisi.<\/span><span data-ccp-props=\"{&quot;201341983&quot;:0,&quot;335559739&quot;:160,&quot;335559740&quot;:259}\">\u00a0<\/span><\/p>\n","protected":false},"featured_media":12226,"template":"","meta":[],"product_brand":[],"product_cat":[90],"product_tag":[],"class_list":{"0":"post-12223","1":"product","2":"type-product","3":"status-publish","4":"has-post-thumbnail","6":"product_cat-grillit","8":"first","9":"instock","10":"taxable","11":"shipping-taxable","12":"purchasable","13":"product-type-simple"},"_links":{"self":[{"href":"https:\/\/dreamfiregrill.com\/fi\/wp-json\/wp\/v2\/product\/12223","targetHints":{"allow":["GET"]}}],"collection":[{"href":"https:\/\/dreamfiregrill.com\/fi\/wp-json\/wp\/v2\/product"}],"about":[{"href":"https:\/\/dreamfiregrill.com\/fi\/wp-json\/wp\/v2\/types\/product"}],"wp:featuredmedia":[{"embeddable":true,"href":"https:\/\/dreamfiregrill.com\/fi\/wp-json\/wp\/v2\/media\/12226"}],"wp:attachment":[{"href":"https:\/\/dreamfiregrill.com\/fi\/wp-json\/wp\/v2\/media?parent=12223"}],"wp:term":[{"taxonomy":"product_brand","embeddable":true,"href":"https:\/\/dreamfiregrill.com\/fi\/wp-json\/wp\/v2\/product_brand?post=12223"},{"taxonomy":"product_cat","embeddable":true,"href":"https:\/\/dreamfiregrill.com\/fi\/wp-json\/wp\/v2\/product_cat?post=12223"},{"taxonomy":"product_tag","embeddable":true,"href":"https:\/\/dreamfiregrill.com\/fi\/wp-json\/wp\/v2\/product_tag?post=12223"}],"curies":[{"name":"wp","href":"https:\/\/api.w.org\/{rel}","templated":true}]}}