{"id":12815,"date":"2023-08-09T16:06:01","date_gmt":"2023-08-09T13:06:01","guid":{"rendered":"https:\/\/dreamfiregrill.com\/?post_type=product&#038;p=12815"},"modified":"2023-11-16T13:21:33","modified_gmt":"2023-11-16T11:21:33","slug":"dreamfire-tammi-puuhiili","status":"publish","type":"product","link":"https:\/\/dreamfiregrill.com\/fi\/tuote\/dreamfire-tammi-puuhiili\/","title":{"rendered":"Dreamfire tammi puuhiili"},"content":{"rendered":"<p>Dreamfire tammi puuhiili koostuu suurista paloista ja on suunniteltu kohottamaan grillipeli\u00e4si. T\u00e4m\u00e4 ensiluokkainen puuhiili sopii sek\u00e4 kotigrillien yst\u00e4ville ett\u00e4 ravintoloihin, jotka etsiv\u00e4t poikkeuksellisia tuloksia. T\u00e4m\u00e4 tammihiili kykenee palamaan pitki\u00e4 aikoja ja saavuttamaan korkeita l\u00e4mp\u00f6tiloja, joten se tarjoaa erinomaisen suorituskyvyn merkitt\u00e4viin grillaustuloksiin.<\/p>\n<p>Parannettu l\u00e4mm\u00f6n jakautuminen: Tammihiilemme suuret palat varmistavat tasaisen l\u00e4mm\u00f6n jakautumisen, minimoivat ep\u00e4tasaisen kypsennyksen ja tarjoavat pidemp\u00e4\u00e4n l\u00e4mp\u00f6\u00e4 kustannustehokkaisiin ja tehokkaisiin grillausistuntoihin.<\/p>\n<p>Monipuolinen k\u00e4ytt\u00f6: Dreamfire Oak Charcoal mukautuu saumattomasti erilaisiin grillaustarpeisiin joko henkil\u00f6kohtaiseen k\u00e4ytt\u00f6\u00f6n tai suurempiin kokoonpanoihin. Sen luonnollinen koostumus mahdollistaa suoran kypsennyksen hiiless\u00e4 ja tuottaa aidon savuisen maun ilman kemiallisia sytytyksen apuaineita.<\/p>\n<p>Tehokas sytytys, minimaalinen savu: Dreamfire Oak Charcoal syttyy nopeasti ilman kemiallisia lis\u00e4aineita, mik\u00e4 v\u00e4hent\u00e4\u00e4 liiallista savuntuotantoa. Tuloksena on puhtaampi, kontrolloidumpi grillauskokemus, jossa haluttu savuinen essenssi sekoittuu jokaiseen astiaan.<\/p>\n<p>Runsas m\u00e4\u00e4r\u00e4: Jokainen pakkaus sis\u00e4lt\u00e4\u00e4 6 kg korkealuokkaista tammihiilt\u00e4, mik\u00e4 varmistaa riitt\u00e4v\u00e4n m\u00e4\u00e4r\u00e4n useisiin grillauskertoihin.<\/p>\n<p>Vapauta grillisi koko potentiaali Dreamfire Oak Charcoal -hiilen erinomaisella suorituskyvyll\u00e4. Paranna grillauspeli\u00e4si pidennetyill\u00e4 palamisajoilla, korkeilla l\u00e4mp\u00f6tiloilla ja erinomaisella maunparannuslla jokaiselle kulinaariselle luomukselle.<\/p>\n","protected":false},"excerpt":{"rendered":"<p>Dreamfire tammi puuhiili koostuu suurista paloista ja on suunniteltu kohottamaan grillipeli\u00e4si. T\u00e4m\u00e4 ensiluokkainen puuhiili sopii sek\u00e4 kotigrillien yst\u00e4ville ett\u00e4 ravintoloihin, jotka etsiv\u00e4t poikkeuksellisia tuloksia. T\u00e4m\u00e4 tammihiili kykenee palamaan pitki\u00e4 aikoja ja saavuttamaan korkeita l\u00e4mp\u00f6tiloja, joten se tarjoaa erinomaisen suorituskyvyn merkitt\u00e4viin grillaustuloksiin.<\/p>\n","protected":false},"featured_media":12818,"template":"","meta":[],"product_brand":[],"product_cat":[148],"product_tag":[],"class_list":{"0":"post-12815","1":"product","2":"type-product","3":"status-publish","4":"has-post-thumbnail","6":"product_cat-hiilta-ja-tupakointia-fi","8":"first","9":"outofstock","10":"sale","11":"taxable","12":"shipping-taxable","13":"purchasable","14":"product-type-simple"},"_links":{"self":[{"href":"https:\/\/dreamfiregrill.com\/fi\/wp-json\/wp\/v2\/product\/12815","targetHints":{"allow":["GET"]}}],"collection":[{"href":"https:\/\/dreamfiregrill.com\/fi\/wp-json\/wp\/v2\/product"}],"about":[{"href":"https:\/\/dreamfiregrill.com\/fi\/wp-json\/wp\/v2\/types\/product"}],"wp:featuredmedia":[{"embeddable":true,"href":"https:\/\/dreamfiregrill.com\/fi\/wp-json\/wp\/v2\/media\/12818"}],"wp:attachment":[{"href":"https:\/\/dreamfiregrill.com\/fi\/wp-json\/wp\/v2\/media?parent=12815"}],"wp:term":[{"taxonomy":"product_brand","embeddable":true,"href":"https:\/\/dreamfiregrill.com\/fi\/wp-json\/wp\/v2\/product_brand?post=12815"},{"taxonomy":"product_cat","embeddable":true,"href":"https:\/\/dreamfiregrill.com\/fi\/wp-json\/wp\/v2\/product_cat?post=12815"},{"taxonomy":"product_tag","embeddable":true,"href":"https:\/\/dreamfiregrill.com\/fi\/wp-json\/wp\/v2\/product_tag?post=12815"}],"curies":[{"name":"wp","href":"https:\/\/api.w.org\/{rel}","templated":true}]}}