{"id":13565,"date":"2019-04-13T15:27:51","date_gmt":"2019-04-13T12:27:51","guid":{"rendered":"https:\/\/dreamfiregrill.com\/product\/dreamfire-ribsiteline-rib-rack\/"},"modified":"2019-04-13T15:27:51","modified_gmt":"2019-04-13T12:27:51","slug":"dreamfire-ribsiteline-rib-rack","status":"publish","type":"product","link":"https:\/\/dreamfiregrill.com\/fi\/tuote\/dreamfire-ribsiteline-rib-rack\/","title":{"rendered":"Dreamfire Ribsiteline Rib Rack"},"content":{"rendered":"<p>Ribsiteline Rib Rack<\/p>\n<p>Ruostumattomasta ter\u00e4ksest\u00e4 tehty teline, jonka avulla saat grilliin kerralla enemm\u00e4n kylki\u00e4 paistumaan.<\/p>\n","protected":false},"excerpt":{"rendered":"<p>Ribsiteline Rib Rack<\/p>\n<p>Ruostumattomasta ter\u00e4ksest\u00e4 tehty teline, jonka avulla saat grilliin kerralla enemm\u00e4n kylki\u00e4 paistumaan.<\/p>\n","protected":false},"featured_media":11449,"template":"","meta":[],"product_brand":[],"product_cat":[94],"product_tag":[],"class_list":{"0":"post-13565","1":"product","2":"type-product","3":"status-publish","4":"has-post-thumbnail","6":"product_cat-grillaustarvikkeet","7":"product_shipping_class-accessories","9":"first","10":"instock","11":"taxable","12":"shipping-taxable","13":"purchasable","14":"product-type-simple"},"_links":{"self":[{"href":"https:\/\/dreamfiregrill.com\/fi\/wp-json\/wp\/v2\/product\/13565","targetHints":{"allow":["GET"]}}],"collection":[{"href":"https:\/\/dreamfiregrill.com\/fi\/wp-json\/wp\/v2\/product"}],"about":[{"href":"https:\/\/dreamfiregrill.com\/fi\/wp-json\/wp\/v2\/types\/product"}],"wp:featuredmedia":[{"embeddable":true,"href":"https:\/\/dreamfiregrill.com\/fi\/wp-json\/wp\/v2\/media\/11449"}],"wp:attachment":[{"href":"https:\/\/dreamfiregrill.com\/fi\/wp-json\/wp\/v2\/media?parent=13565"}],"wp:term":[{"taxonomy":"product_brand","embeddable":true,"href":"https:\/\/dreamfiregrill.com\/fi\/wp-json\/wp\/v2\/product_brand?post=13565"},{"taxonomy":"product_cat","embeddable":true,"href":"https:\/\/dreamfiregrill.com\/fi\/wp-json\/wp\/v2\/product_cat?post=13565"},{"taxonomy":"product_tag","embeddable":true,"href":"https:\/\/dreamfiregrill.com\/fi\/wp-json\/wp\/v2\/product_tag?post=13565"}],"curies":[{"name":"wp","href":"https:\/\/api.w.org\/{rel}","templated":true}]}}