{"id":13567,"date":"2019-04-13T14:24:32","date_gmt":"2019-04-13T11:24:32","guid":{"rendered":"https:\/\/dreamfiregrill.com\/product\/dreamfire-lisaritila\/"},"modified":"2019-04-13T14:24:32","modified_gmt":"2019-04-13T11:24:32","slug":"dreamfire-lisaritila","status":"publish","type":"product","link":"https:\/\/dreamfiregrill.com\/fi\/tuote\/dreamfire-lisaritila\/","title":{"rendered":"Dreamfire lis\u00e4ritil\u00e4"},"content":{"rendered":"<p>Dreamfire lis\u00e4ritil\u00e4.<\/p>\n<p>&nbsp;<\/p>\n<p>Kamado-grilli\u00e4 voi t\u00e4ydent\u00e4\u00e4 k\u00e4tev\u00e4ll\u00e4 lis\u00e4tasolla, jolloin saat grilliin kerralla enemm\u00e4n herkkuja.<\/p>\n","protected":false},"excerpt":{"rendered":"<p>Dreamfire lis\u00e4ritil\u00e4.<\/p>\n<p>&nbsp;<\/p>\n<p>Kamado-grilli\u00e4 voi t\u00e4ydent\u00e4\u00e4 k\u00e4tev\u00e4ll\u00e4 lis\u00e4tasolla, jolloin saat grilliin kerralla enemm\u00e4n herkkuja.<\/p>\n","protected":false},"featured_media":11500,"template":"","meta":[],"product_brand":[],"product_cat":[94],"product_tag":[],"class_list":{"0":"post-13567","1":"product","2":"type-product","3":"status-publish","4":"has-post-thumbnail","6":"product_cat-grillaustarvikkeet","7":"product_shipping_class-accessories","9":"first","10":"instock","11":"taxable","12":"shipping-taxable","13":"purchasable","14":"product-type-simple"},"_links":{"self":[{"href":"https:\/\/dreamfiregrill.com\/fi\/wp-json\/wp\/v2\/product\/13567","targetHints":{"allow":["GET"]}}],"collection":[{"href":"https:\/\/dreamfiregrill.com\/fi\/wp-json\/wp\/v2\/product"}],"about":[{"href":"https:\/\/dreamfiregrill.com\/fi\/wp-json\/wp\/v2\/types\/product"}],"wp:featuredmedia":[{"embeddable":true,"href":"https:\/\/dreamfiregrill.com\/fi\/wp-json\/wp\/v2\/media\/11500"}],"wp:attachment":[{"href":"https:\/\/dreamfiregrill.com\/fi\/wp-json\/wp\/v2\/media?parent=13567"}],"wp:term":[{"taxonomy":"product_brand","embeddable":true,"href":"https:\/\/dreamfiregrill.com\/fi\/wp-json\/wp\/v2\/product_brand?post=13567"},{"taxonomy":"product_cat","embeddable":true,"href":"https:\/\/dreamfiregrill.com\/fi\/wp-json\/wp\/v2\/product_cat?post=13567"},{"taxonomy":"product_tag","embeddable":true,"href":"https:\/\/dreamfiregrill.com\/fi\/wp-json\/wp\/v2\/product_tag?post=13567"}],"curies":[{"name":"wp","href":"https:\/\/api.w.org\/{rel}","templated":true}]}}