{"id":13641,"date":"2022-10-06T13:22:59","date_gmt":"2022-10-06T10:22:59","guid":{"rendered":"https:\/\/dreamfiregrill.com\/product\/dreamfire-hiilikori\/"},"modified":"2022-10-06T13:22:59","modified_gmt":"2022-10-06T10:22:59","slug":"dreamfire-hiilikori","status":"publish","type":"product","link":"https:\/\/dreamfiregrill.com\/fi\/tuote\/dreamfire-hiilikori\/","title":{"rendered":"Dreamfire hiilikori"},"content":{"rendered":"<p><span data-contrast=\"auto\">Dreamfire ekstra paksusta ruostumattomasta ter\u00e4ksest\u00e4 valmistettu hiilikori tekee grillin puhdistamisesta helppoa. Hiilikorissa olevien kahvojen ansiosta koria on k\u00e4tev\u00e4 nostaa tulesyvennyksest\u00e4 ja poistaa hiilen j\u00e4\u00e4nteet. Lis\u00e4ksi hiilikori varmistaa paremman palamisen, koska hiili saa lis\u00e4happea sivuilta. Dreamfire hiilikorissa on my\u00f6s v\u00e4lijako, jonka avulla voit helposti s\u00e4\u00e4t\u00e4\u00e4 hiilien m\u00e4\u00e4r\u00e4\u00e4 pienemmille paistoerille (esim. jos grillaat kaksi pihvi\u00e4, et tarvitse sytytt\u00e4\u00e4 koko grilli\u00e4).<\/span><span data-ccp-props=\"{&quot;201341983&quot;:0,&quot;335559739&quot;:160,&quot;335559740&quot;:259}\">\u00a0<\/span><\/p>\n<p><span data-contrast=\"auto\">Hiilikorin mitat ovat:<\/span><span data-ccp-props=\"{&quot;201341983&quot;:0,&quot;335559739&quot;:160,&quot;335559740&quot;:259}\">\u00a0<\/span><\/p>\n<p><span data-contrast=\"auto\">Alaosan halkaisija 23 cm<\/span><span data-ccp-props=\"{&quot;201341983&quot;:0,&quot;335559739&quot;:160,&quot;335559740&quot;:259}\">\u00a0<\/span><\/p>\n<p><span data-contrast=\"auto\">Yl\u00e4osan halkaisija 36.5 cm<\/span><span data-ccp-props=\"{&quot;201341983&quot;:0,&quot;335559739&quot;:160,&quot;335559740&quot;:259}\">\u00a0<\/span><\/p>\n<p><span data-contrast=\"auto\">Sopii Dreamfire-malleihin Trendy Classic ja Comfy sek\u00e4 muihin 21-22 tuuman kamadoihin.<\/span><span data-ccp-props=\"{&quot;201341983&quot;:0,&quot;335559739&quot;:160,&quot;335559740&quot;:259}\">\u00a0<\/span><\/p>\n","protected":false},"excerpt":{"rendered":"<p><span data-contrast=\"auto\">Dreamfire ekstra paksusta ruostumattomasta ter\u00e4ksest\u00e4 valmistettu hiilikori tekee grillin puhdistamisesta helppoa. Hiilikorissa olevien kahvojen ansiosta koria on k\u00e4tev\u00e4 nostaa tulesyvennyksest\u00e4 ja poistaa hiilen j\u00e4\u00e4nteet. Lis\u00e4ksi hiilikori varmistaa paremman palamisen, koska hiili saa lis\u00e4happea sivuilta. Dreamfire hiilikorissa on my\u00f6s v\u00e4lijako, jonka avulla voit helposti s\u00e4\u00e4t\u00e4\u00e4 hiilien m\u00e4\u00e4r\u00e4\u00e4 pienemmille paistoerille (esim. jos grillaat kaksi pihvi\u00e4, et tarvitse sytytt\u00e4\u00e4 koko grilli\u00e4).<\/span><span data-ccp-props=\"{&quot;201341983&quot;:0,&quot;335559739&quot;:160,&quot;335559740&quot;:259}\">\u00a0<\/span><\/p>\n","protected":false},"featured_media":11636,"template":"","meta":[],"product_brand":[],"product_cat":[94],"product_tag":[],"class_list":{"0":"post-13641","1":"product","2":"type-product","3":"status-publish","4":"has-post-thumbnail","6":"product_cat-grillaustarvikkeet","8":"first","9":"outofstock","10":"taxable","11":"shipping-taxable","12":"purchasable","13":"product-type-simple"},"_links":{"self":[{"href":"https:\/\/dreamfiregrill.com\/fi\/wp-json\/wp\/v2\/product\/13641","targetHints":{"allow":["GET"]}}],"collection":[{"href":"https:\/\/dreamfiregrill.com\/fi\/wp-json\/wp\/v2\/product"}],"about":[{"href":"https:\/\/dreamfiregrill.com\/fi\/wp-json\/wp\/v2\/types\/product"}],"wp:featuredmedia":[{"embeddable":true,"href":"https:\/\/dreamfiregrill.com\/fi\/wp-json\/wp\/v2\/media\/11636"}],"wp:attachment":[{"href":"https:\/\/dreamfiregrill.com\/fi\/wp-json\/wp\/v2\/media?parent=13641"}],"wp:term":[{"taxonomy":"product_brand","embeddable":true,"href":"https:\/\/dreamfiregrill.com\/fi\/wp-json\/wp\/v2\/product_brand?post=13641"},{"taxonomy":"product_cat","embeddable":true,"href":"https:\/\/dreamfiregrill.com\/fi\/wp-json\/wp\/v2\/product_cat?post=13641"},{"taxonomy":"product_tag","embeddable":true,"href":"https:\/\/dreamfiregrill.com\/fi\/wp-json\/wp\/v2\/product_tag?post=13641"}],"curies":[{"name":"wp","href":"https:\/\/api.w.org\/{rel}","templated":true}]}}