{"id":13642,"date":"2023-03-13T15:06:34","date_gmt":"2023-03-13T13:06:34","guid":{"rendered":"https:\/\/dreamfiregrill.com\/product\/dreamfire-grill-bbq-folio\/"},"modified":"2023-03-13T15:06:34","modified_gmt":"2023-03-13T13:06:34","slug":"dreamfire-grill-bbq-folio","status":"publish","type":"product","link":"https:\/\/dreamfiregrill.com\/fi\/tuote\/dreamfire-grill-bbq-folio\/","title":{"rendered":"Dreamfire Grill &#038; BBQ -folio"},"content":{"rendered":"<p><span class=\"TextRun SCXW237962146 BCX0\" lang=\"FI-FI\" xml:lang=\"FI-FI\" data-contrast=\"auto\"><span class=\"SpellingError SCXW237962146 BCX0\">Dreamfire<\/span> <span class=\"SpellingError SCXW237962146 BCX0\">Grill<\/span><span class=\"NormalTextRun SCXW237962146 BCX0\"> &amp; BBQ -folio on markkinoiden vahvin ja kest\u00e4vin folio.<\/span><span class=\"NormalTextRun SCXW237962146 BCX0\"> 25 mikronin paksuus tekee siit\u00e4 erityisen kest\u00e4v\u00e4n korkeille l\u00e4mp\u00f6tiloille, <\/span><\/span><span class=\"TextRun Highlight SCXW237962146 BCX0\" lang=\"FI-FI\" xml:lang=\"FI-FI\" data-contrast=\"none\"><span class=\"NormalTextRun SCXW237962146 BCX0\">joten se on <\/span><\/span><span class=\"TextRun SCXW237962146 BCX0\" lang=\"FI-FI\" xml:lang=\"FI-FI\" data-contrast=\"auto\"><span class=\"NormalTextRun SCXW237962146 BCX0\">ihanteelli<\/span><span class=\"NormalTextRun SCXW237962146 BCX0\">n<\/span><span class=\"NormalTextRun SCXW237962146 BCX0\">en apuv\u00e4line grillaamise<\/span><span class=\"NormalTextRun SCXW237962146 BCX0\">en<\/span><span class=\"NormalTextRun SCXW237962146 BCX0\">. Folio on 30 metri\u00e4 pitk\u00e4 ja 45 cm leve\u00e4, mik\u00e4 tekee siit\u00e4 <\/span><span class=\"NormalTextRun SCXW237962146 BCX0\">t\u00e4ydellisen<\/span><span class=\"NormalTextRun SCXW237962146 BCX0\"> suurten pintojen peitt\u00e4miseen grilliss\u00e4 tai lihojen ja muiden ruokien k\u00e4\u00e4rimiseen. Olipa kyse sitten ruoanlaitosta, grillaamisesta tai ruoan s\u00e4ilytt\u00e4misest\u00e4, <\/span><span class=\"SpellingError SCXW237962146 BCX0\">Dreamfire<\/span><span class=\"NormalTextRun SCXW237962146 BCX0\">\u00ae <\/span><span class=\"SpellingError SCXW237962146 BCX0\">Grill<\/span><span class=\"NormalTextRun SCXW237962146 BCX0\"> &amp; BBQ <\/span><span class=\"SpellingError SCXW237962146 BCX0\">Foil<\/span><span class=\"NormalTextRun SCXW237962146 BCX0\"> on t\u00e4ydellinen lis\u00e4 keitti\u00f6\u00f6si.<\/span><\/span><span class=\"EOP SCXW237962146 BCX0\" data-ccp-props=\"{&quot;201341983&quot;:0,&quot;335559739&quot;:160,&quot;335559740&quot;:259}\">\u00a0<\/span><\/p>\n","protected":false},"excerpt":{"rendered":"<p><span class=\"TextRun SCXW237962146 BCX0\" lang=\"FI-FI\" xml:lang=\"FI-FI\" data-contrast=\"auto\"><span class=\"SpellingError SCXW237962146 BCX0\">Dreamfire<\/span> <span class=\"SpellingError SCXW237962146 BCX0\">Grill<\/span><span class=\"NormalTextRun SCXW237962146 BCX0\"> &amp; BBQ -folio on markkinoiden vahvin ja kest\u00e4vin folio.<\/span><span class=\"NormalTextRun SCXW237962146 BCX0\"> 25 mikronin paksuus tekee siit\u00e4 erityisen kest\u00e4v\u00e4n korkeille l\u00e4mp\u00f6tiloille, <\/span><\/span><span class=\"TextRun Highlight SCXW237962146 BCX0\" lang=\"FI-FI\" xml:lang=\"FI-FI\" data-contrast=\"none\"><span class=\"NormalTextRun SCXW237962146 BCX0\">joten se on <\/span><\/span><span class=\"TextRun SCXW237962146 BCX0\" lang=\"FI-FI\" xml:lang=\"FI-FI\" data-contrast=\"auto\"><span class=\"NormalTextRun SCXW237962146 BCX0\">ihanteelli<\/span><span class=\"NormalTextRun SCXW237962146 BCX0\">n<\/span><span class=\"NormalTextRun SCXW237962146 BCX0\">en apuv\u00e4line grillaamise<\/span><span class=\"NormalTextRun SCXW237962146 BCX0\">en<\/span><span class=\"NormalTextRun SCXW237962146 BCX0\">. Folio on 30 metri\u00e4 pitk\u00e4 ja 45 cm leve\u00e4, mik\u00e4 tekee siit\u00e4 <\/span><span class=\"NormalTextRun SCXW237962146 BCX0\">t\u00e4ydellisen<\/span><span class=\"NormalTextRun SCXW237962146 BCX0\"> suurten pintojen peitt\u00e4miseen grilliss\u00e4 tai lihojen ja muiden ruokien k\u00e4\u00e4rimiseen. Olipa kyse sitten ruoanlaitosta, grillaamisesta tai ruoan s\u00e4ilytt\u00e4misest\u00e4, <\/span><span class=\"SpellingError SCXW237962146 BCX0\">Dreamfire<\/span><span class=\"NormalTextRun SCXW237962146 BCX0\">\u00ae <\/span><span class=\"SpellingError SCXW237962146 BCX0\">Grill<\/span><span class=\"NormalTextRun SCXW237962146 BCX0\"> &amp; BBQ <\/span><span class=\"SpellingError SCXW237962146 BCX0\">Foil<\/span><span class=\"NormalTextRun SCXW237962146 BCX0\"> on t\u00e4ydellinen lis\u00e4 keitti\u00f6\u00f6si.<\/span><\/span><span class=\"EOP SCXW237962146 BCX0\" data-ccp-props=\"{&quot;201341983&quot;:0,&quot;335559739&quot;:160,&quot;335559740&quot;:259}\">\u00a0<\/span><\/p>\n","protected":false},"featured_media":11837,"template":"","meta":[],"product_brand":[],"product_cat":[94],"product_tag":[],"class_list":{"0":"post-13642","1":"product","2":"type-product","3":"status-publish","4":"has-post-thumbnail","6":"product_cat-grillaustarvikkeet","8":"first","9":"instock","10":"taxable","11":"shipping-taxable","12":"purchasable","13":"product-type-simple"},"_links":{"self":[{"href":"https:\/\/dreamfiregrill.com\/fi\/wp-json\/wp\/v2\/product\/13642","targetHints":{"allow":["GET"]}}],"collection":[{"href":"https:\/\/dreamfiregrill.com\/fi\/wp-json\/wp\/v2\/product"}],"about":[{"href":"https:\/\/dreamfiregrill.com\/fi\/wp-json\/wp\/v2\/types\/product"}],"wp:featuredmedia":[{"embeddable":true,"href":"https:\/\/dreamfiregrill.com\/fi\/wp-json\/wp\/v2\/media\/11837"}],"wp:attachment":[{"href":"https:\/\/dreamfiregrill.com\/fi\/wp-json\/wp\/v2\/media?parent=13642"}],"wp:term":[{"taxonomy":"product_brand","embeddable":true,"href":"https:\/\/dreamfiregrill.com\/fi\/wp-json\/wp\/v2\/product_brand?post=13642"},{"taxonomy":"product_cat","embeddable":true,"href":"https:\/\/dreamfiregrill.com\/fi\/wp-json\/wp\/v2\/product_cat?post=13642"},{"taxonomy":"product_tag","embeddable":true,"href":"https:\/\/dreamfiregrill.com\/fi\/wp-json\/wp\/v2\/product_tag?post=13642"}],"curies":[{"name":"wp","href":"https:\/\/api.w.org\/{rel}","templated":true}]}}