{"id":13643,"date":"2023-03-13T15:25:50","date_gmt":"2023-03-13T13:25:50","guid":{"rendered":"https:\/\/dreamfiregrill.com\/product\/13643\/"},"modified":"2023-11-16T13:24:14","modified_gmt":"2023-11-16T11:24:14","slug":"dreamfire-meatspotter-foldable-2-in-1-infrapuna-ja-lampomittari","status":"publish","type":"product","link":"https:\/\/dreamfiregrill.com\/fi\/tuote\/dreamfire-meatspotter-foldable-2-in-1-infrapuna-ja-lampomittari\/","title":{"rendered":"Dreamfire Meatspotter Foldable 2-in-1 infrapuna- ja l\u00e4mp\u00f6mittari\u00a0"},"content":{"rendered":"<p><span data-contrast=\"auto\">Dreamfire\u00ae Meatspotter Foldable 2-in-1 infrapuna- ja l\u00e4mp\u00f6mittari<\/span><span data-ccp-props=\"{&quot;201341983&quot;:0,&quot;335559739&quot;:160,&quot;335559740&quot;:259}\">\u00a0<\/span><\/p>\n<p><span data-contrast=\"auto\">Taittuva lihamittari on paras ty\u00f6kalu jokaiselle kotikokille. Mittarissa on sis\u00e4\u00e4nrakennettu infrapunal\u00e4mp\u00f6tila-anturi ja taittuva anturi, jotka n\u00e4ytt\u00e4v\u00e4t nopeasti ja tarkasti ruokasi l\u00e4mp\u00f6tilan.<\/span><span data-ccp-props=\"{&quot;201341983&quot;:0,&quot;335559739&quot;:160,&quot;335559740&quot;:259}\">\u00a0<\/span><\/p>\n<p><span data-contrast=\"auto\">Helposti luettava LCD-n\u00e4ytt\u00f6 tekee l\u00e4mp\u00f6tilan nopeasta tarkistamisesta helppoa ja varmistaa t\u00e4ydellisen tuloksen. T\u00e4m\u00e4 kompakti ja k\u00e4tev\u00e4 mittari on v\u00e4ltt\u00e4m\u00e4t\u00f6n kaikille, jotka rakastavat kokkaamista.<\/span><span data-ccp-props=\"{&quot;201341983&quot;:0,&quot;335559739&quot;:160,&quot;335559740&quot;:259}\">\u00a0<\/span><\/p>\n<p><span data-contrast=\"auto\">Kuvaus<\/span><span data-ccp-props=\"{&quot;201341983&quot;:0,&quot;335559739&quot;:160,&quot;335559740&quot;:259}\">\u00a0<\/span><\/p>\n<p><span data-contrast=\"auto\">Taittuva lihamittari on paras ty\u00f6kalu jokaiselle kotikokille. Mittarissa on sis\u00e4\u00e4nrakennettu infrapunal\u00e4mp\u00f6tila-anturi ja taittuva anturi, jotka n\u00e4ytt\u00e4v\u00e4t nopeasti ja tarkasti ruokasi l\u00e4mp\u00f6tilan.<\/span><span data-ccp-props=\"{&quot;201341983&quot;:0,&quot;335559739&quot;:160,&quot;335559740&quot;:259}\">\u00a0<\/span><\/p>\n<p><span data-contrast=\"auto\">Helposti luettava LCD-n\u00e4ytt\u00f6 tekee l\u00e4mp\u00f6tilan nopeasta tarkistamisesta helppoa ja varmistaa t\u00e4ydellisen tuloksen. T\u00e4m\u00e4 kompakti ja k\u00e4tev\u00e4 mittari on v\u00e4ltt\u00e4m\u00e4t\u00f6n kaikille, jotka rakastavat kokkaamista.<\/span><span data-ccp-props=\"{&quot;201341983&quot;:0,&quot;335559739&quot;:160,&quot;335559740&quot;:259}\">\u00a0<\/span><\/p>\n<p><span data-contrast=\"auto\">Anturin mittausnopeus: ~3-4 sekuntia<\/span><span data-ccp-props=\"{&quot;201341983&quot;:0,&quot;335559739&quot;:160,&quot;335559740&quot;:259}\">\u00a0<\/span><\/p>\n<p><span data-contrast=\"auto\">Anturin k\u00e4ytt\u00f6alue: -30 \u00b0C &#8211; 300 \u00b0C.<\/span><span data-ccp-props=\"{&quot;201341983&quot;:0,&quot;335559739&quot;:160,&quot;335559740&quot;:259}\">\u00a0<\/span><\/p>\n<p><span data-contrast=\"auto\">Anturin tarkkuus: +-1 \u00b0C 0-100 \u00b0C alueella. Alueen ulkopuolella tarkkuus ~3 \u00b0C.<\/span><span data-ccp-props=\"{&quot;201341983&quot;:0,&quot;335559739&quot;:160,&quot;335559740&quot;:259}\">\u00a0<\/span><\/p>\n<p><span data-contrast=\"auto\">Infrapuna-anturin k\u00e4ytt\u00f6alue: 0 \u00b0C &#8211; 380 \u00b0C.<\/span><span data-ccp-props=\"{&quot;201341983&quot;:0,&quot;335559739&quot;:160,&quot;335559740&quot;:259}\">\u00a0<\/span><\/p>\n<p><span data-contrast=\"auto\">Infrapuna-anturin tarkkuus: +-3 \u00b0C &lt;50 \u00b0C. &gt;50 \u00b0C +-2 \u00b0C.<\/span><span data-ccp-props=\"{&quot;201341983&quot;:0,&quot;335559739&quot;:160,&quot;335559740&quot;:259}\">\u00a0<\/span><\/p>\n<p><span data-contrast=\"auto\">L\u00e4mp\u00f6mittarin vesitiiviysluokka: IP54<\/span><span data-ccp-props=\"{&quot;201341983&quot;:0,&quot;335559739&quot;:160,&quot;335559740&quot;:259}\">\u00a0<\/span><\/p>\n<p><span data-contrast=\"auto\">Infrapunamittarin k\u00e4ytt\u00f6<\/span><span data-ccp-props=\"{&quot;201341983&quot;:0,&quot;335559739&quot;:160,&quot;335559740&quot;:259}\">\u00a0<\/span><\/p>\n<p><span data-ccp-props=\"{&quot;201341983&quot;:0,&quot;335559739&quot;:160,&quot;335559740&quot;:259}\">\u00a0<\/span><\/p>\n<p><span data-contrast=\"auto\">Infrapunamittari toimii vain anturin ollessa suljettuna. Paina IR-nappia, jotta l\u00e4mp\u00f6mittari kytkeytyy p\u00e4\u00e4lle. Pid\u00e4 nappia alhaalla, jotta l\u00e4mp\u00f6mittari mittaa l\u00e4mp\u00f6tilaa. Kun vapautat napin, l\u00e4mp\u00f6mittari n\u00e4ytt\u00e4\u00e4 viimeisen 15 sekunnin aikana mitatun l\u00e4mp\u00f6tilan ja sammuu sitten.<\/span><span data-ccp-props=\"{&quot;201341983&quot;:0,&quot;335559739&quot;:160,&quot;335559740&quot;:259}\">\u00a0<\/span><\/p>\n<p><span data-contrast=\"auto\">L\u00e4mp\u00f6mittarin infrapuna-anturilla on suhde 5:1, mik\u00e4 tarkoittaa, ett\u00e4 mitatessaan 5 cm et\u00e4isyydelt\u00e4 l\u00e4mp\u00f6mittari mittaa 1 cm halkaisijaltaan olevan alueen l\u00e4mp\u00f6tilaa. Mittaamalla 10 cm et\u00e4isyydelt\u00e4 l\u00e4mp\u00f6mittari mittaa 2 cm alueen l\u00e4mp\u00f6tilaa jne. Mit\u00e4 l\u00e4hemp\u00e4n\u00e4 l\u00e4mp\u00f6tilaa mitataan, sit\u00e4 tarkempi l\u00e4mp\u00f6mittari on. L\u00e4mp\u00f6mittarin tarkkuus riippuu my\u00f6s ymp\u00e4r\u00f6iv\u00e4st\u00e4 ilman l\u00e4mp\u00f6tilasta &#8211; mit\u00e4 pienempi ulkoilman ero mitattavan pinnan kanssa, sit\u00e4 tarkempi l\u00e4mp\u00f6mittari on.<\/span><span data-ccp-props=\"{&quot;201341983&quot;:0,&quot;335559739&quot;:160,&quot;335559740&quot;:259}\">\u00a0<\/span><\/p>\n<p><span data-contrast=\"auto\">HUOM! L\u00e4mp\u00f6mittari ei ole tarkoitettu kehon l\u00e4mp\u00f6tilan mittaamiseen.<\/span><span data-ccp-props=\"{&quot;201341983&quot;:0,&quot;335559739&quot;:160,&quot;335559740&quot;:259}\">\u00a0<\/span><\/p>\n<p><span data-contrast=\"auto\">Taittuvan anturin k\u00e4ytt\u00f6<\/span><span data-ccp-props=\"{&quot;201341983&quot;:0,&quot;335559739&quot;:160,&quot;335559740&quot;:259}\">\u00a0<\/span><\/p>\n<p><span data-contrast=\"auto\">Taita anturi auki ja ty\u00f6nn\u00e4 anturin p\u00e4\u00e4 ruoan keskelle. Odota muutama sekunti saadaksesi tarkka l\u00e4mp\u00f6tilalukema. HUOM! Mit\u00e4 suurempi on ulkol\u00e4mp\u00f6tilan ja ruoan l\u00e4mp\u00f6tilan ero, sit\u00e4 kauemmin kest\u00e4\u00e4 tarkan lukeman saamiseksi.<\/span><span data-ccp-props=\"{&quot;201341983&quot;:0,&quot;335559739&quot;:160,&quot;335559740&quot;:259}\">\u00a0<\/span><\/p>\n<p><span data-contrast=\"auto\">L\u00e4mp\u00f6mittarin n\u00e4yt\u00f6n taustavalo palaa 30 sekuntia. L\u00e4mp\u00f6mittari sammuu 3 minuutin kuluttua. Jos haluat k\u00e4ynnist\u00e4\u00e4 l\u00e4mp\u00f6mittarin uudelleen, paina Mode-n\u00e4pp\u00e4int\u00e4.<\/span><span data-ccp-props=\"{&quot;201341983&quot;:0,&quot;335559739&quot;:160,&quot;335559740&quot;:259}\">\u00a0<\/span><\/p>\n<p><span data-contrast=\"auto\">Puhdistus<\/span><span data-ccp-props=\"{&quot;201341983&quot;:0,&quot;335559739&quot;:160,&quot;335559740&quot;:259}\">\u00a0<\/span><\/p>\n<p><span data-contrast=\"auto\">Puhdista l\u00e4mp\u00f6mittari s\u00e4\u00e4nn\u00f6llisesti. Infrapuna-anturi on eritt\u00e4in herkk\u00e4 ja se on aina pidett\u00e4v\u00e4 puhtaana. Puhdistukseen k\u00e4yt\u00e4 puuvillasta tai vastaavaa pehme\u00e4\u00e4 puhdistusliinaa.<\/span><span data-ccp-props=\"{&quot;201341983&quot;:0,&quot;335559739&quot;:160,&quot;335559740&quot;:259}\">\u00a0<\/span><\/p>\n","protected":false},"excerpt":{"rendered":"<p><span data-contrast=\"auto\">Dreamfire\u00ae Meatspotter Foldable 2-in-1 infrapuna- ja l\u00e4mp\u00f6mittari<\/span><span data-ccp-props=\"{&quot;201341983&quot;:0,&quot;335559739&quot;:160,&quot;335559740&quot;:259}\">\u00a0<\/span><\/p>\n<p><span data-contrast=\"auto\">Taittuva lihamittari on paras ty\u00f6kalu jokaiselle kotikokille. Mittarissa on sis\u00e4\u00e4nrakennettu infrapunal\u00e4mp\u00f6tila-anturi ja taittuva anturi, jotka n\u00e4ytt\u00e4v\u00e4t nopeasti ja tarkasti ruokasi l\u00e4mp\u00f6tilan.<\/span><span data-ccp-props=\"{&quot;201341983&quot;:0,&quot;335559739&quot;:160,&quot;335559740&quot;:259}\">\u00a0<\/span><\/p>\n<p><span data-contrast=\"auto\">Helposti luettava LCD-n\u00e4ytt\u00f6 tekee l\u00e4mp\u00f6tilan nopeasta tarkistamisesta helppoa ja varmistaa t\u00e4ydellisen tuloksen. T\u00e4m\u00e4 kompakti ja k\u00e4tev\u00e4 mittari on v\u00e4ltt\u00e4m\u00e4t\u00f6n kaikille, jotka rakastavat kokkaamista.<\/span><span data-ccp-props=\"{&quot;201341983&quot;:0,&quot;335559739&quot;:160,&quot;335559740&quot;:259}\">\u00a0<\/span><\/p>\n","protected":false},"featured_media":11855,"template":"","meta":[],"product_brand":[],"product_cat":[94],"product_tag":[],"class_list":{"0":"post-13643","1":"product","2":"type-product","3":"status-publish","4":"has-post-thumbnail","6":"product_cat-grillaustarvikkeet","8":"first","9":"instock","10":"taxable","11":"shipping-taxable","12":"purchasable","13":"product-type-simple"},"_links":{"self":[{"href":"https:\/\/dreamfiregrill.com\/fi\/wp-json\/wp\/v2\/product\/13643","targetHints":{"allow":["GET"]}}],"collection":[{"href":"https:\/\/dreamfiregrill.com\/fi\/wp-json\/wp\/v2\/product"}],"about":[{"href":"https:\/\/dreamfiregrill.com\/fi\/wp-json\/wp\/v2\/types\/product"}],"wp:featuredmedia":[{"embeddable":true,"href":"https:\/\/dreamfiregrill.com\/fi\/wp-json\/wp\/v2\/media\/11855"}],"wp:attachment":[{"href":"https:\/\/dreamfiregrill.com\/fi\/wp-json\/wp\/v2\/media?parent=13643"}],"wp:term":[{"taxonomy":"product_brand","embeddable":true,"href":"https:\/\/dreamfiregrill.com\/fi\/wp-json\/wp\/v2\/product_brand?post=13643"},{"taxonomy":"product_cat","embeddable":true,"href":"https:\/\/dreamfiregrill.com\/fi\/wp-json\/wp\/v2\/product_cat?post=13643"},{"taxonomy":"product_tag","embeddable":true,"href":"https:\/\/dreamfiregrill.com\/fi\/wp-json\/wp\/v2\/product_tag?post=13643"}],"curies":[{"name":"wp","href":"https:\/\/api.w.org\/{rel}","templated":true}]}}