{"id":13644,"date":"2022-10-03T16:18:57","date_gmt":"2022-10-03T13:18:57","guid":{"rendered":"https:\/\/dreamfiregrill.com\/product\/dreamfire-bbq-silikonisuti\/"},"modified":"2022-10-03T16:18:57","modified_gmt":"2022-10-03T13:18:57","slug":"dreamfire-bbq-silikonisuti","status":"publish","type":"product","link":"https:\/\/dreamfiregrill.com\/fi\/tuote\/dreamfire-bbq-silikonisuti\/","title":{"rendered":"Dreamfire BBQ silikonisuti"},"content":{"rendered":"<p><span class=\"TextRun SCXW129362019 BCX0\" lang=\"FI-FI\" xml:lang=\"FI-FI\" data-contrast=\"auto\"><span class=\"NormalTextRun SCXW129362019 BCX0\">Valmistettu kest\u00e4v\u00e4st\u00e4 ruostumattomasta ter\u00e4ksest\u00e4 ja varustettu tiiviill\u00e4 elintarviketurvallisilla silikoniharjaksilla, t\u00e4m\u00e4 <\/span><span class=\"NormalTextRun SCXW129362019 BCX0\">silikonisuti<\/span> <span class=\"NormalTextRun SCXW129362019 BCX0\">on suunniteltu helpottamaan lihojen maustamista ja glaseerausta tehokkaasti. Sen pitk\u00e4 varsi, 30,5 cm, tekee sen k\u00e4yt\u00f6st\u00e4 mukavaa jopa kuumalla grillill\u00e4. <\/span><\/span><span class=\"TextRun SCXW129362019 BCX0\" lang=\"EN-GB\" xml:lang=\"EN-GB\" data-contrast=\"auto\"><span class=\"SpellingError SCXW129362019 BCX0\">Irrotettava<\/span> <span class=\"SpellingError SCXW129362019 BCX0\">silikoniharja<\/span> <span class=\"SpellingError SCXW129362019 BCX0\">helpottaa<\/span> <span class=\"SpellingError SCXW129362019 BCX0\">puhdistusta<\/span><span class=\"NormalTextRun SCXW129362019 BCX0\">.<\/span><\/span><span class=\"EOP SCXW129362019 BCX0\" data-ccp-props=\"{&quot;201341983&quot;:0,&quot;335559739&quot;:160,&quot;335559740&quot;:259}\">\u00a0<\/span><\/p>\n","protected":false},"excerpt":{"rendered":"<p><span class=\"TextRun SCXW129362019 BCX0\" lang=\"FI-FI\" xml:lang=\"FI-FI\" data-contrast=\"auto\"><span class=\"NormalTextRun SCXW129362019 BCX0\">Valmistettu kest\u00e4v\u00e4st\u00e4 ruostumattomasta ter\u00e4ksest\u00e4 ja varustettu tiiviill\u00e4 elintarviketurvallisilla silikoniharjaksilla, t\u00e4m\u00e4 <\/span><span class=\"NormalTextRun SCXW129362019 BCX0\">silikonisuti<\/span> <span class=\"NormalTextRun SCXW129362019 BCX0\">on suunniteltu helpottamaan lihojen maustamista ja glaseerausta tehokkaasti. Sen pitk\u00e4 varsi, 30,5 cm, tekee sen k\u00e4yt\u00f6st\u00e4 mukavaa jopa kuumalla grillill\u00e4. <\/span><\/span><span class=\"TextRun SCXW129362019 BCX0\" lang=\"EN-GB\" xml:lang=\"EN-GB\" data-contrast=\"auto\"><span class=\"SpellingError SCXW129362019 BCX0\">Irrotettava<\/span> <span class=\"SpellingError SCXW129362019 BCX0\">silikoniharja<\/span> <span class=\"SpellingError SCXW129362019 BCX0\">helpottaa<\/span> <span class=\"SpellingError SCXW129362019 BCX0\">puhdistusta<\/span><span class=\"NormalTextRun SCXW129362019 BCX0\">.<\/span><\/span><span class=\"EOP SCXW129362019 BCX0\" data-ccp-props=\"{&quot;201341983&quot;:0,&quot;335559739&quot;:160,&quot;335559740&quot;:259}\">\u00a0<\/span><\/p>\n","protected":false},"featured_media":11606,"template":"","meta":[],"product_brand":[],"product_cat":[94],"product_tag":[],"class_list":{"0":"post-13644","1":"product","2":"type-product","3":"status-publish","4":"has-post-thumbnail","6":"product_cat-grillaustarvikkeet","8":"first","9":"instock","10":"taxable","11":"shipping-taxable","12":"purchasable","13":"product-type-simple"},"_links":{"self":[{"href":"https:\/\/dreamfiregrill.com\/fi\/wp-json\/wp\/v2\/product\/13644","targetHints":{"allow":["GET"]}}],"collection":[{"href":"https:\/\/dreamfiregrill.com\/fi\/wp-json\/wp\/v2\/product"}],"about":[{"href":"https:\/\/dreamfiregrill.com\/fi\/wp-json\/wp\/v2\/types\/product"}],"wp:featuredmedia":[{"embeddable":true,"href":"https:\/\/dreamfiregrill.com\/fi\/wp-json\/wp\/v2\/media\/11606"}],"wp:attachment":[{"href":"https:\/\/dreamfiregrill.com\/fi\/wp-json\/wp\/v2\/media?parent=13644"}],"wp:term":[{"taxonomy":"product_brand","embeddable":true,"href":"https:\/\/dreamfiregrill.com\/fi\/wp-json\/wp\/v2\/product_brand?post=13644"},{"taxonomy":"product_cat","embeddable":true,"href":"https:\/\/dreamfiregrill.com\/fi\/wp-json\/wp\/v2\/product_cat?post=13644"},{"taxonomy":"product_tag","embeddable":true,"href":"https:\/\/dreamfiregrill.com\/fi\/wp-json\/wp\/v2\/product_tag?post=13644"}],"curies":[{"name":"wp","href":"https:\/\/api.w.org\/{rel}","templated":true}]}}