{"id":13663,"date":"2023-05-17T13:54:38","date_gmt":"2023-05-17T10:54:38","guid":{"rendered":"https:\/\/dreamfiregrill.com\/product\/dreamfire-tarviketeline-classic\/"},"modified":"2023-05-17T13:54:38","modified_gmt":"2023-05-17T10:54:38","slug":"dreamfire-tarviketeline-classic","status":"publish","type":"product","link":"https:\/\/dreamfiregrill.com\/fi\/tuote\/dreamfire-tarviketeline-classic\/","title":{"rendered":"Dreamfire tarviketeline Classic"},"content":{"rendered":"<p><span data-contrast=\"auto\">Dreamfire tarviketeline Classic \u2013 paras ratkaisu grilliritil\u00f6iden, l\u00e4mp\u00f6levyjen, pizzakivien ja muiden lis\u00e4varusteiden s\u00e4ilytykseen. Pid\u00e4 grillauksen perusv\u00e4lineesi j\u00e4rjestyksess\u00e4 ja helposti saatavilla t\u00e4m\u00e4n k\u00e4tev\u00e4n telineen avulla.<\/span><span data-ccp-props=\"{&quot;201341983&quot;:0,&quot;335559739&quot;:160,&quot;335559740&quot;:259}\">\u00a0<\/span><\/p>\n<p><span data-contrast=\"auto\">Unohda sopivan paikan etsiminen grilliritil\u00e4llesi ja \u00e4l\u00e4 huolehti rasvatahroista vaatteissasi tai terassillasi. Dreamfire tarviketeline Classicissa on kolme uraa, joista jokainen on noin 2 cm leve\u00e4, joten voit s\u00e4ilytt\u00e4\u00e4 lis\u00e4varusteitasi turvallisesti, kun niit\u00e4 ei k\u00e4ytet\u00e4.<\/span><span data-ccp-props=\"{&quot;201341983&quot;:0,&quot;335559739&quot;:160,&quot;335559740&quot;:259}\">\u00a0<\/span><\/p>\n<p><span data-contrast=\"auto\">Dreamfire tarviketeline Classic &#8211; ihanteellinen ratkaisu grilliritil\u00f6iden, deflektoreiden, pizzakivien ja muiden tarvikkeiden s\u00e4ilytt\u00e4miseen. S\u00e4ilyt\u00e4 kaikki lis\u00e4varusteet k\u00e4tev\u00e4sti ulottuvill\u00e4 ja j\u00e4rjestelm\u00e4llisesti grillisi l\u00e4hist\u00f6ll\u00e4.<\/span><span data-ccp-props=\"{&quot;201341983&quot;:0,&quot;335559739&quot;:160,&quot;335559740&quot;:259}\">\u00a0<\/span><\/p>\n<p><span data-contrast=\"auto\">Tarvikkeiden teliness\u00e4 on kolme uraa, joiden leveys on noin 2 cm. Valmistettu kest\u00e4v\u00e4st\u00e4 ruostumattomasta ter\u00e4ksest\u00e4. Se sopii t\u00e4ydellisesti Dreamfire Kamado -grilleihin ja on t\u00e4ysin s\u00e4\u00e4nkest\u00e4v\u00e4.<\/span><span data-ccp-props=\"{&quot;201341983&quot;:0,&quot;335559739&quot;:160,&quot;335559740&quot;:259}\">\u00a0<\/span><\/p>\n<p><span data-contrast=\"auto\">Se sopii erinomaisesti Dreamfire Classic -kokoisille grilleille (Dreamfire Kamado Trendy Classic, Comfy Classic, Smokey II).<\/span><span data-ccp-props=\"{&quot;201341983&quot;:0,&quot;335559739&quot;:160,&quot;335559740&quot;:259}\">\u00a0<\/span><\/p>\n<p><span data-ccp-props=\"{&quot;201341983&quot;:0,&quot;335559739&quot;:160,&quot;335559740&quot;:259}\">\u00a0<\/span><\/p>\n<p><span data-contrast=\"auto\">Huomautus: Kuvissa n\u00e4kyv\u00e4t grilliritil\u00e4t, deflektorit, pizzakivet ja muut tarvikkeet ovat havainnollistavia eiv\u00e4tk\u00e4 sis\u00e4lly pakkaukseen.<\/span><span data-ccp-props=\"{&quot;201341983&quot;:0,&quot;335559739&quot;:160,&quot;335559740&quot;:259}\">\u00a0<\/span><\/p>\n<p><span data-contrast=\"auto\">Tekniset tiedot:<\/span><span data-ccp-props=\"{&quot;201341983&quot;:0,&quot;335559739&quot;:160,&quot;335559740&quot;:259}\">\u00a0<\/span><\/p>\n<p><span data-contrast=\"auto\">Materiaali: Kest\u00e4v\u00e4 ruostumaton ter\u00e4s<\/span><span data-ccp-props=\"{&quot;201341983&quot;:0,&quot;335559739&quot;:160,&quot;335559740&quot;:259}\">\u00a0<\/span><\/p>\n<p><span data-contrast=\"auto\">Sopivuus: Sopii t\u00e4ydellisesti Dreamfire Classic kokoisille grilleille<\/span><span data-ccp-props=\"{&quot;201341983&quot;:0,&quot;335559739&quot;:160,&quot;335559740&quot;:259}\">\u00a0<\/span><\/p>\n<p><span data-contrast=\"auto\">S\u00e4\u00e4nkest\u00e4v\u00e4 suunnittelu pitk\u00e4aikaista kest\u00e4vyytt\u00e4 varten<\/span><span data-ccp-props=\"{&quot;201341983&quot;:0,&quot;335559739&quot;:160,&quot;335559740&quot;:259}\">\u00a0<\/span><\/p>\n<p><span data-contrast=\"auto\">Kolme 2 cm:n levyist\u00e4 pes\u00e4\u00e4 tarvikkeiden turvallista s\u00e4ilytt\u00e4mist\u00e4 varten<\/span><span data-ccp-props=\"{&quot;201341983&quot;:0,&quot;335559739&quot;:160,&quot;335559740&quot;:259}\">\u00a0<\/span><\/p>\n","protected":false},"excerpt":{"rendered":"<p><span data-contrast=\"auto\">Dreamfire tarviketeline Classic \u2013 paras ratkaisu grilliritil\u00f6iden, l\u00e4mp\u00f6levyjen, pizzakivien ja muiden lis\u00e4varusteiden s\u00e4ilytykseen. Pid\u00e4 grillauksen perusv\u00e4lineesi j\u00e4rjestyksess\u00e4 ja helposti saatavilla t\u00e4m\u00e4n k\u00e4tev\u00e4n telineen avulla.<\/span><span data-ccp-props=\"{&quot;201341983&quot;:0,&quot;335559739&quot;:160,&quot;335559740&quot;:259}\">\u00a0<\/span><\/p>\n","protected":false},"featured_media":12044,"template":"","meta":[],"product_brand":[],"product_cat":[94],"product_tag":[],"class_list":{"0":"post-13663","1":"product","2":"type-product","3":"status-publish","4":"has-post-thumbnail","6":"product_cat-grillaustarvikkeet","8":"first","9":"instock","10":"taxable","11":"shipping-taxable","12":"purchasable","13":"product-type-simple"},"_links":{"self":[{"href":"https:\/\/dreamfiregrill.com\/fi\/wp-json\/wp\/v2\/product\/13663","targetHints":{"allow":["GET"]}}],"collection":[{"href":"https:\/\/dreamfiregrill.com\/fi\/wp-json\/wp\/v2\/product"}],"about":[{"href":"https:\/\/dreamfiregrill.com\/fi\/wp-json\/wp\/v2\/types\/product"}],"wp:featuredmedia":[{"embeddable":true,"href":"https:\/\/dreamfiregrill.com\/fi\/wp-json\/wp\/v2\/media\/12044"}],"wp:attachment":[{"href":"https:\/\/dreamfiregrill.com\/fi\/wp-json\/wp\/v2\/media?parent=13663"}],"wp:term":[{"taxonomy":"product_brand","embeddable":true,"href":"https:\/\/dreamfiregrill.com\/fi\/wp-json\/wp\/v2\/product_brand?post=13663"},{"taxonomy":"product_cat","embeddable":true,"href":"https:\/\/dreamfiregrill.com\/fi\/wp-json\/wp\/v2\/product_cat?post=13663"},{"taxonomy":"product_tag","embeddable":true,"href":"https:\/\/dreamfiregrill.com\/fi\/wp-json\/wp\/v2\/product_tag?post=13663"}],"curies":[{"name":"wp","href":"https:\/\/api.w.org\/{rel}","templated":true}]}}