{"id":13785,"date":"2024-01-22T14:37:54","date_gmt":"2024-01-22T12:37:55","guid":{"rendered":"https:\/\/dreamfiregrill.com\/?post_type=product&#038;p=13785"},"modified":"2024-01-22T14:49:15","modified_gmt":"2024-01-22T12:49:15","slug":"dreamfire-bbq-pinsetit","status":"publish","type":"product","link":"https:\/\/dreamfiregrill.com\/fi\/tuote\/dreamfire-bbq-pinsetit\/","title":{"rendered":"Dreamfire BBQ pinsetit"},"content":{"rendered":"<p data-sourcepos=\"5:1-5:127\">Dreamfire BBQ Pinsetit ovat valmistettu ruostumatonta ter\u00e4st\u00e4. Ne ovat 40 cm pitk\u00e4t, joten ne ovat helppo k\u00e4sitell\u00e4 ja k\u00e4ytt\u00e4\u00e4.<\/p>\n<p data-sourcepos=\"7:1-7:162\">Pinsetit ovat monik\u00e4ytt\u00f6inen ty\u00f6kalu, jota k\u00e4ytet\u00e4\u00e4n p\u00e4\u00e4asiassa herk\u00e4n ruoan, kuten pihvien, kalan, vihannesten, fonduen, makkaroiden ja grillatun lihan, nostoon.<\/p>\n","protected":false},"excerpt":{"rendered":"<p data-sourcepos=\"5:1-5:127\">Dreamfire BBQ Pinsetit ovat valmistettu ruostumatonta ter\u00e4st\u00e4. Ne ovat 40 cm pitk\u00e4t, joten ne ovat helppo k\u00e4sitell\u00e4 ja k\u00e4ytt\u00e4\u00e4.<\/p>\n<p data-sourcepos=\"7:1-7:162\">Pinsetit ovat monik\u00e4ytt\u00f6inen ty\u00f6kalu, jota k\u00e4ytet\u00e4\u00e4n p\u00e4\u00e4asiassa herk\u00e4n ruoan, kuten pihvien, kalan, vihannesten, fonduen, makkaroiden ja grillatun lihan, nostoon.<\/p>\n","protected":false},"featured_media":13788,"template":"","meta":[],"product_brand":[],"product_cat":[94],"product_tag":[],"class_list":{"0":"post-13785","1":"product","2":"type-product","3":"status-publish","4":"has-post-thumbnail","6":"product_cat-grillaustarvikkeet","8":"first","9":"instock","10":"taxable","11":"shipping-taxable","12":"purchasable","13":"product-type-simple"},"_links":{"self":[{"href":"https:\/\/dreamfiregrill.com\/fi\/wp-json\/wp\/v2\/product\/13785","targetHints":{"allow":["GET"]}}],"collection":[{"href":"https:\/\/dreamfiregrill.com\/fi\/wp-json\/wp\/v2\/product"}],"about":[{"href":"https:\/\/dreamfiregrill.com\/fi\/wp-json\/wp\/v2\/types\/product"}],"wp:featuredmedia":[{"embeddable":true,"href":"https:\/\/dreamfiregrill.com\/fi\/wp-json\/wp\/v2\/media\/13788"}],"wp:attachment":[{"href":"https:\/\/dreamfiregrill.com\/fi\/wp-json\/wp\/v2\/media?parent=13785"}],"wp:term":[{"taxonomy":"product_brand","embeddable":true,"href":"https:\/\/dreamfiregrill.com\/fi\/wp-json\/wp\/v2\/product_brand?post=13785"},{"taxonomy":"product_cat","embeddable":true,"href":"https:\/\/dreamfiregrill.com\/fi\/wp-json\/wp\/v2\/product_cat?post=13785"},{"taxonomy":"product_tag","embeddable":true,"href":"https:\/\/dreamfiregrill.com\/fi\/wp-json\/wp\/v2\/product_tag?post=13785"}],"curies":[{"name":"wp","href":"https:\/\/api.w.org\/{rel}","templated":true}]}}