{"id":13905,"date":"2024-02-20T14:57:54","date_gmt":"2024-02-20T12:57:54","guid":{"rendered":"https:\/\/dreamfiregrill.com\/?post_type=product&#038;p=13905"},"modified":"2024-02-20T15:05:32","modified_gmt":"2024-02-20T13:05:32","slug":"dreamfire-tarviketeline-classic-copy","status":"publish","type":"product","link":"https:\/\/dreamfiregrill.com\/fi\/tuote\/dreamfire-tarviketeline-classic-copy\/","title":{"rendered":"Dreamfire valurautainen hampurilainen puristin"},"content":{"rendered":"<p>Dreamfire valurautainen hampurilainen puristin. Puisella kahvalla.<\/p>\n<p>Dreamfire-valurautainen hampurilaispuristin sopii t\u00e4ydellisesti hampurilaisiin.<\/p>\n<p>Smashburgeria teht\u00e4ess\u00e4 pihven painaminen lyhent\u00e4\u00e4 kypsennysaikaa ja mahdollistaa tasapaksuisen hampurilaispihvin.<\/p>\n<p>&nbsp;<\/p>\n<p>Mitat: 30,5 x 10,5 cm.<br \/>\nPaino: 1kg<\/p>\n","protected":false},"excerpt":{"rendered":"<p>Dreamfire valurautainen hampurilainen puristin. Puisella kahvalla.<\/p>\n<p>Dreamfire-valurautainen hampurilaispuristin sopii t\u00e4ydellisesti hampurilaisiin.<\/p>\n<p>Smashburgeria teht\u00e4ess\u00e4 pihven painaminen lyhent\u00e4\u00e4 kypsennysaikaa ja mahdollistaa tasapaksuisen hampurilaispihvin.<\/p>\n<p>&nbsp;<\/p>\n<p>Mitat: 30,5 x 10,5 cm.<br \/>\nPaino: 1kg<\/p>\n","protected":false},"featured_media":13908,"template":"","meta":[],"product_brand":[],"product_cat":[94],"product_tag":[],"class_list":{"0":"post-13905","1":"product","2":"type-product","3":"status-publish","4":"has-post-thumbnail","6":"product_cat-grillaustarvikkeet","8":"first","9":"instock","10":"taxable","11":"shipping-taxable","12":"purchasable","13":"product-type-simple"},"_links":{"self":[{"href":"https:\/\/dreamfiregrill.com\/fi\/wp-json\/wp\/v2\/product\/13905","targetHints":{"allow":["GET"]}}],"collection":[{"href":"https:\/\/dreamfiregrill.com\/fi\/wp-json\/wp\/v2\/product"}],"about":[{"href":"https:\/\/dreamfiregrill.com\/fi\/wp-json\/wp\/v2\/types\/product"}],"wp:featuredmedia":[{"embeddable":true,"href":"https:\/\/dreamfiregrill.com\/fi\/wp-json\/wp\/v2\/media\/13908"}],"wp:attachment":[{"href":"https:\/\/dreamfiregrill.com\/fi\/wp-json\/wp\/v2\/media?parent=13905"}],"wp:term":[{"taxonomy":"product_brand","embeddable":true,"href":"https:\/\/dreamfiregrill.com\/fi\/wp-json\/wp\/v2\/product_brand?post=13905"},{"taxonomy":"product_cat","embeddable":true,"href":"https:\/\/dreamfiregrill.com\/fi\/wp-json\/wp\/v2\/product_cat?post=13905"},{"taxonomy":"product_tag","embeddable":true,"href":"https:\/\/dreamfiregrill.com\/fi\/wp-json\/wp\/v2\/product_tag?post=13905"}],"curies":[{"name":"wp","href":"https:\/\/api.w.org\/{rel}","templated":true}]}}