{"id":13924,"date":"2024-02-20T15:15:35","date_gmt":"2024-02-20T13:15:35","guid":{"rendered":"https:\/\/dreamfiregrill.com\/product\/dreamfire-round-grill-basket\/"},"modified":"2024-02-20T15:15:35","modified_gmt":"2024-02-20T13:15:35","slug":"dreamfire-round-grill-basket","status":"publish","type":"product","link":"https:\/\/dreamfiregrill.com\/fi\/tuote\/dreamfire-round-grill-basket\/","title":{"rendered":"Dreamfire Round Grill Basket"},"content":{"rendered":"<p>Dreamfire Round Grill Basket sopii t\u00e4ydellisesti vihannesten, siipien, merenel\u00e4vien ja muiden pienempien ruokien sy\u00f6tt\u00e4miseen.<\/p>\n<p>Kest\u00e4v\u00e4 ruostumaton ter\u00e4srakenne kest\u00e4\u00e4 korkeaa l\u00e4mp\u00f6\u00e4.<\/p>\n<p>Sylinterin muoto tekee ruoan py\u00f6ritt\u00e4misest\u00e4 helppoa.<\/p>\n","protected":false},"excerpt":{"rendered":"<p>Dreamfire Round Grill Basket sopii t\u00e4ydellisesti vihannesten, siipien, merenel\u00e4vien ja muiden pienempien ruokien sy\u00f6tt\u00e4miseen.<\/p>\n<p>Kest\u00e4v\u00e4 ruostumaton ter\u00e4srakenne kest\u00e4\u00e4 korkeaa l\u00e4mp\u00f6\u00e4.<\/p>\n<p>Sylinterin muoto tekee ruoan py\u00f6ritt\u00e4misest\u00e4 helppoa.<\/p>\n","protected":false},"featured_media":13917,"template":"","meta":[],"product_brand":[],"product_cat":[94],"product_tag":[],"class_list":{"0":"post-13924","1":"product","2":"type-product","3":"status-publish","4":"has-post-thumbnail","6":"product_cat-grillaustarvikkeet","7":"product_shipping_class-accessories","9":"first","10":"instock","11":"taxable","12":"shipping-taxable","13":"purchasable","14":"product-type-simple"},"_links":{"self":[{"href":"https:\/\/dreamfiregrill.com\/fi\/wp-json\/wp\/v2\/product\/13924","targetHints":{"allow":["GET"]}}],"collection":[{"href":"https:\/\/dreamfiregrill.com\/fi\/wp-json\/wp\/v2\/product"}],"about":[{"href":"https:\/\/dreamfiregrill.com\/fi\/wp-json\/wp\/v2\/types\/product"}],"wp:featuredmedia":[{"embeddable":true,"href":"https:\/\/dreamfiregrill.com\/fi\/wp-json\/wp\/v2\/media\/13917"}],"wp:attachment":[{"href":"https:\/\/dreamfiregrill.com\/fi\/wp-json\/wp\/v2\/media?parent=13924"}],"wp:term":[{"taxonomy":"product_brand","embeddable":true,"href":"https:\/\/dreamfiregrill.com\/fi\/wp-json\/wp\/v2\/product_brand?post=13924"},{"taxonomy":"product_cat","embeddable":true,"href":"https:\/\/dreamfiregrill.com\/fi\/wp-json\/wp\/v2\/product_cat?post=13924"},{"taxonomy":"product_tag","embeddable":true,"href":"https:\/\/dreamfiregrill.com\/fi\/wp-json\/wp\/v2\/product_tag?post=13924"}],"curies":[{"name":"wp","href":"https:\/\/api.w.org\/{rel}","templated":true}]}}