{"id":13952,"date":"2024-02-20T15:45:43","date_gmt":"2024-02-20T13:45:43","guid":{"rendered":"https:\/\/dreamfiregrill.com\/product\/dreamfire-grillikori\/"},"modified":"2024-02-20T15:45:43","modified_gmt":"2024-02-20T13:45:43","slug":"dreamfire-grillikori","status":"publish","type":"product","link":"https:\/\/dreamfiregrill.com\/fi\/tuote\/dreamfire-grillikori\/","title":{"rendered":"Dreamfire-grillikori"},"content":{"rendered":"<p>Dreamfire-grillikori: salainen aseesi erikoisille grillatuille vihanneksille<\/p>\n<p>Nosta grillipeli\u00e4si ja muuta tapasi kypsent\u00e4\u00e4 vihanneksia Dreamfire Grill Basket -grillikorilla. T\u00e4m\u00e4 t\u00e4rke\u00e4 grillaustarvike on valmistettu korkealaatuisesta ruostumattomasta ter\u00e4ksest\u00e4, ja se on valmistettu kest\u00e4m\u00e4\u00e4n grillin kuumuutta kaudesta toiseen.<\/p>\n<p>Suorakaiteen muotoinen muotoilu tarjoaa runsaasti tilaa runsaalle annokselle suosikkivihanneksia, kun taas rei&#8217;itetyt rei\u00e4t mahdollistavat optimaalisen l\u00e4mm\u00f6nkierron ja savuisen, grillatun maun t\u00e4ydellisen infuusion. \u00c4l\u00e4 en\u00e4\u00e4 menet\u00e4 herkki\u00e4 vihanneksia ritil\u00f6iden l\u00e4pi \u2013 Dreamfire Grill Basket pit\u00e4\u00e4 kaiken sis\u00e4ll\u00e4\u00e4n helpon k\u00e4\u00e4nt\u00e4misen ja virheett\u00f6m\u00e4n lopputuloksen vuoksi.<\/p>\n<p>Grillaatpa sitten pehmeit\u00e4 parsan keih\u00e4it\u00e4, v\u00e4rikk\u00e4it\u00e4 paprikaviipaleita tai runsaita kes\u00e4kurpitsaviipaleita, Dreamfire Grill Basket varmistaa tasaisen ja rapean ruoan. K\u00e4tev\u00e4t kahvat tarjoavat turvallisen otteen vaivattomaan liikkumiseen grillill\u00e4 ja pois p\u00e4\u00e4lt\u00e4.<\/p>\n","protected":false},"excerpt":{"rendered":"<p>Dreamfire-grillikori: salainen aseesi erikoisille grillatuille vihanneksille<\/p>\n<p>Nosta grillipeli\u00e4si ja muuta tapasi kypsent\u00e4\u00e4 vihanneksia Dreamfire Grill Basket -grillikorilla. T\u00e4m\u00e4 t\u00e4rke\u00e4 grillaustarvike on valmistettu korkealaatuisesta ruostumattomasta ter\u00e4ksest\u00e4, ja se on valmistettu kest\u00e4m\u00e4\u00e4n grillin kuumuutta kaudesta toiseen.<\/p>\n","protected":false},"featured_media":13929,"template":"","meta":[],"product_brand":[],"product_cat":[94],"product_tag":[],"class_list":{"0":"post-13952","1":"product","2":"type-product","3":"status-publish","4":"has-post-thumbnail","6":"product_cat-grillaustarvikkeet","7":"product_shipping_class-accessories","9":"first","10":"instock","11":"taxable","12":"shipping-taxable","13":"purchasable","14":"product-type-simple"},"_links":{"self":[{"href":"https:\/\/dreamfiregrill.com\/fi\/wp-json\/wp\/v2\/product\/13952","targetHints":{"allow":["GET"]}}],"collection":[{"href":"https:\/\/dreamfiregrill.com\/fi\/wp-json\/wp\/v2\/product"}],"about":[{"href":"https:\/\/dreamfiregrill.com\/fi\/wp-json\/wp\/v2\/types\/product"}],"wp:featuredmedia":[{"embeddable":true,"href":"https:\/\/dreamfiregrill.com\/fi\/wp-json\/wp\/v2\/media\/13929"}],"wp:attachment":[{"href":"https:\/\/dreamfiregrill.com\/fi\/wp-json\/wp\/v2\/media?parent=13952"}],"wp:term":[{"taxonomy":"product_brand","embeddable":true,"href":"https:\/\/dreamfiregrill.com\/fi\/wp-json\/wp\/v2\/product_brand?post=13952"},{"taxonomy":"product_cat","embeddable":true,"href":"https:\/\/dreamfiregrill.com\/fi\/wp-json\/wp\/v2\/product_cat?post=13952"},{"taxonomy":"product_tag","embeddable":true,"href":"https:\/\/dreamfiregrill.com\/fi\/wp-json\/wp\/v2\/product_tag?post=13952"}],"curies":[{"name":"wp","href":"https:\/\/api.w.org\/{rel}","templated":true}]}}