{"id":13979,"date":"2024-02-20T16:00:32","date_gmt":"2024-02-20T14:00:32","guid":{"rendered":"https:\/\/dreamfiregrill.com\/product\/dreamfire-bbq-pipettisetti\/"},"modified":"2024-02-20T16:00:32","modified_gmt":"2024-02-20T14:00:32","slug":"dreamfire-bbq-pipettisetti","status":"publish","type":"product","link":"https:\/\/dreamfiregrill.com\/fi\/tuote\/dreamfire-bbq-pipettisetti\/","title":{"rendered":"Dreamfire BBQ pipettisetti"},"content":{"rendered":"<p>Dreamfire BBQ pipettisetti &#8211; t\u00e4ll\u00e4 miehekk\u00e4\u00e4ll\u00e4 pipetill\u00e4 voit helposti upottaa tai ruiskuttaa lihaasi marinateilla tai lihamehuilla. Sarja sis\u00e4lt\u00e4\u00e4 kaksi ruostumattomasta ter\u00e4ksest\u00e4 valmistettua neulaa ja puhdistusharjan.<\/p>\n","protected":false},"excerpt":{"rendered":"<p>Dreamfire BBQ pipettisetti &#8211; t\u00e4ll\u00e4 miehekk\u00e4\u00e4ll\u00e4 pipetill\u00e4 voit helposti upottaa tai ruiskuttaa lihaasi marinateilla tai lihamehuilla. Sarja sis\u00e4lt\u00e4\u00e4 kaksi ruostumattomasta ter\u00e4ksest\u00e4 valmistettua neulaa ja puhdistusharjan.<\/p>\n","protected":false},"featured_media":13956,"template":"","meta":[],"product_brand":[],"product_cat":[94],"product_tag":[],"class_list":{"0":"post-13979","1":"product","2":"type-product","3":"status-publish","4":"has-post-thumbnail","6":"product_cat-grillaustarvikkeet","8":"first","9":"instock","10":"taxable","11":"shipping-taxable","12":"purchasable","13":"product-type-simple"},"_links":{"self":[{"href":"https:\/\/dreamfiregrill.com\/fi\/wp-json\/wp\/v2\/product\/13979","targetHints":{"allow":["GET"]}}],"collection":[{"href":"https:\/\/dreamfiregrill.com\/fi\/wp-json\/wp\/v2\/product"}],"about":[{"href":"https:\/\/dreamfiregrill.com\/fi\/wp-json\/wp\/v2\/types\/product"}],"wp:featuredmedia":[{"embeddable":true,"href":"https:\/\/dreamfiregrill.com\/fi\/wp-json\/wp\/v2\/media\/13956"}],"wp:attachment":[{"href":"https:\/\/dreamfiregrill.com\/fi\/wp-json\/wp\/v2\/media?parent=13979"}],"wp:term":[{"taxonomy":"product_brand","embeddable":true,"href":"https:\/\/dreamfiregrill.com\/fi\/wp-json\/wp\/v2\/product_brand?post=13979"},{"taxonomy":"product_cat","embeddable":true,"href":"https:\/\/dreamfiregrill.com\/fi\/wp-json\/wp\/v2\/product_cat?post=13979"},{"taxonomy":"product_tag","embeddable":true,"href":"https:\/\/dreamfiregrill.com\/fi\/wp-json\/wp\/v2\/product_tag?post=13979"}],"curies":[{"name":"wp","href":"https:\/\/api.w.org\/{rel}","templated":true}]}}