{"id":13999,"date":"2024-02-20T16:15:52","date_gmt":"2024-02-20T14:15:52","guid":{"rendered":"https:\/\/dreamfiregrill.com\/product\/dreamfire-grillilapio\/"},"modified":"2024-02-20T16:15:52","modified_gmt":"2024-02-20T14:15:52","slug":"dreamfire-grillilapio","status":"publish","type":"product","link":"https:\/\/dreamfiregrill.com\/fi\/tuote\/dreamfire-grillilapio\/","title":{"rendered":"Dreamfire grillilapio"},"content":{"rendered":"<p>Dreamfire-grillilapio\/lasta on valmistettu ruostumattomasta ter\u00e4ksest\u00e4. Grillilapio on valmistettu paksusta ter\u00e4ksest\u00e4, joten t\u00e4m\u00e4 lasta on monipuolinen ty\u00f6kalu &#8211; sill\u00e4 voi murskata hampurilaisia \u200b\u200btai nostaa mukavasti pannukakkuja, munia, lihaa tai muuta ruokaa.<\/p>\n<p>Koko: 12,5 cm x 30 cm.<\/p>\n","protected":false},"excerpt":{"rendered":"<p>Dreamfire-grillilapio\/lasta on valmistettu ruostumattomasta ter\u00e4ksest\u00e4. Grillilapio on valmistettu paksusta ter\u00e4ksest\u00e4, joten t\u00e4m\u00e4 lasta on monipuolinen ty\u00f6kalu &#8211; sill\u00e4 voi murskata hampurilaisia \u200b\u200btai nostaa mukavasti pannukakkuja, munia, lihaa tai muuta ruokaa.<\/p>\n<p>Koko: 12,5 cm x 30 cm.<\/p>\n","protected":false},"featured_media":13984,"template":"","meta":[],"product_brand":[],"product_cat":[94],"product_tag":[],"class_list":{"0":"post-13999","1":"product","2":"type-product","3":"status-publish","4":"has-post-thumbnail","6":"product_cat-grillaustarvikkeet","8":"first","9":"instock","10":"taxable","11":"shipping-taxable","12":"purchasable","13":"product-type-simple"},"_links":{"self":[{"href":"https:\/\/dreamfiregrill.com\/fi\/wp-json\/wp\/v2\/product\/13999","targetHints":{"allow":["GET"]}}],"collection":[{"href":"https:\/\/dreamfiregrill.com\/fi\/wp-json\/wp\/v2\/product"}],"about":[{"href":"https:\/\/dreamfiregrill.com\/fi\/wp-json\/wp\/v2\/types\/product"}],"wp:featuredmedia":[{"embeddable":true,"href":"https:\/\/dreamfiregrill.com\/fi\/wp-json\/wp\/v2\/media\/13984"}],"wp:attachment":[{"href":"https:\/\/dreamfiregrill.com\/fi\/wp-json\/wp\/v2\/media?parent=13999"}],"wp:term":[{"taxonomy":"product_brand","embeddable":true,"href":"https:\/\/dreamfiregrill.com\/fi\/wp-json\/wp\/v2\/product_brand?post=13999"},{"taxonomy":"product_cat","embeddable":true,"href":"https:\/\/dreamfiregrill.com\/fi\/wp-json\/wp\/v2\/product_cat?post=13999"},{"taxonomy":"product_tag","embeddable":true,"href":"https:\/\/dreamfiregrill.com\/fi\/wp-json\/wp\/v2\/product_tag?post=13999"}],"curies":[{"name":"wp","href":"https:\/\/api.w.org\/{rel}","templated":true}]}}